{"id":97,"date":"2016-06-06T12:34:38","date_gmt":"2016-06-06T10:34:38","guid":{"rendered":"http:\/\/chiesa.ispravarese.it\/?page_id=97"},"modified":"2026-04-18T07:19:31","modified_gmt":"2026-04-18T05:19:31","slug":"angedacht","status":"publish","type":"page","link":"https:\/\/chiesa.ispravarese.it\/it\/angedacht\/","title":{"rendered":"Angedacht"},"content":{"rendered":"<p><\/p>\n<p style=\"text-align: justify;\">60 Jahre evangelisch \u00f6kumenische Kirche in Caldana: \u201eLasst auch ihr euch als lebendige Steine zu einem geistlichen Haus aufbauen.\u201c (1. Petrusbrief 2,5)<br \/>\nJa, so war es und so ist es bis heute. Neben den wirklichen Steinen, die vor 60 Jahren zu einer Kirche verbaut wurden, gab es immer die \u201elebendigen Steine\u201c, also<br \/>\nMenschen evangelischen Glaubens, die hier am Lago eine Gemeinde und eine Kirche bauten.<br \/>\nAnfang der sechziger Jahre des letzten Jahrhunderts kamen viele evangelische Christen unterschiedlicher Nationalit\u00e4t hierher, um im \u201eEuratom\u201c, heute: \u201eJRC\u201c zu arbeiten. Wenn sie schon in der Fremde waren, fern ihrer Heimatl\u00e4nder Niederlande, Frankreich oder eben Deutschland, wollten sie doch ihren evangelischen Glauben leben. So entstanden Hauskreise, sp\u00e4ter wurden Gottesdienste in der Baptistenkirche in Varese gehalten, begleiten von den Pfarrern Rode und Soggin.<br \/>\nH\u00e4tte es nicht auch so bleiben k\u00f6nnen? Warum wollten sie eine Kirche haben? Ist das nicht ein zu festes Gebilde, was uns nur vorspielt, auf Erden sei alles fest und stabil?<br \/>\nAber es geh\u00f6rt zu unserer Religion dazu\u2026 Nat\u00fcrlich: beten k\u00f6nnen wir \u00fcberall: zuhause, in der Natur oder<br \/>\neben in einer Kirche. Aber eine Gemeinde will ein Zuhause haben, ein Dach \u00fcber dem Kopf f\u00fcr die Gottesdienste, einen Saal zum gemeinsam Feiern. So kann sie wachsen und gro\u00df werden \u2026 so wie es ja auch geschehen ist.<br \/>\nSo freuen wir uns bis heute an diesem sch\u00f6nen, besonderen Bau und an seiner Zeltform, die uns an unsere Wanderung auf Erden erinnert und dass nicht alles fest und stabil ist. Und dass wir deswegen Gott an unserer Seite brauchen. 60 Jahre ist es jetzt her, dass Grundstein und Dach gesetzt wurden \u2013 das wollen wir feiern am<br \/>\n<strong>25. April , ab 11.00 Uhr.<\/strong><br \/>\nIhr seid alle eingeladen!<br \/>\n<em>Magdalena Tiebel-Gerdes<\/em><\/p>\n<p style=\"text-align: justify;\">Hier finden Sie einige archivierte Andachten:<\/p>\n<p style=\"text-align: justify;\">[wpb_childpages]<\/p>\n<p><\/p>","protected":false},"excerpt":{"rendered":"<p>60 Jahre evangelisch \u00f6kumenische Kirche in Caldana: \u201eLasst auch ihr euch als lebendige Steine zu einem geistlichen Haus aufbauen.\u201c (1. Petrusbrief 2,5) Ja, so war es und so ist es bis heute. Neben den wirklichen Steinen, die vor 60 Jahren zu einer Kirche verbaut wurden, gab es immer die \u201elebendigen Steine\u201c, also Menschen evangelischen Glaubens, [&hellip;]<\/p>\n","protected":false},"author":1,"featured_media":0,"parent":0,"menu_order":0,"comment_status":"closed","ping_status":"closed","template":"child_index_page.php","meta":{"footnotes":""},"class_list":["post-97","page","type-page","status-publish","hentry"],"_links":{"self":[{"href":"https:\/\/chiesa.ispravarese.it\/it\/wp-json\/wp\/v2\/pages\/97","targetHints":{"allow":["GET"]}}],"collection":[{"href":"https:\/\/chiesa.ispravarese.it\/it\/wp-json\/wp\/v2\/pages"}],"about":[{"href":"https:\/\/chiesa.ispravarese.it\/it\/wp-json\/wp\/v2\/types\/page"}],"author":[{"embeddable":true,"href":"https:\/\/chiesa.ispravarese.it\/it\/wp-json\/wp\/v2\/users\/1"}],"replies":[{"embeddable":true,"href":"https:\/\/chiesa.ispravarese.it\/it\/wp-json\/wp\/v2\/comments?post=97"}],"version-history":[{"count":3,"href":"https:\/\/chiesa.ispravarese.it\/it\/wp-json\/wp\/v2\/pages\/97\/revisions"}],"predecessor-version":[{"id":4749,"href":"https:\/\/chiesa.ispravarese.it\/it\/wp-json\/wp\/v2\/pages\/97\/revisions\/4749"}],"wp:attachment":[{"href":"https:\/\/chiesa.ispravarese.it\/it\/wp-json\/wp\/v2\/media?parent=97"}],"curies":[{"name":"wp","href":"https:\/\/api.w.org\/{rel}","templated":true}]}}