{"id":4441,"date":"2025-09-07T08:43:23","date_gmt":"2025-09-07T06:43:23","guid":{"rendered":"https:\/\/chiesa.ispravarese.it\/?page_id=4441"},"modified":"2025-09-07T08:46:28","modified_gmt":"2025-09-07T06:46:28","slug":"angedacht-04-2025","status":"publish","type":"page","link":"https:\/\/chiesa.ispravarese.it\/it\/angedacht\/angedacht-04-2025\/","title":{"rendered":"Riflessione 04\/2025"},"content":{"rendered":"<p><img loading=\"lazy\" decoding=\"async\" class=\"alignnone size-medium wp-image-4274\" src=\"https:\/\/chiesa.ispravarese.it\/wp-content\/uploads\/2025\/03\/Screenshot-2025-03-30-140642-300x272.png\" alt=\"\" width=\"300\" height=\"272\" srcset=\"https:\/\/chiesa.ispravarese.it\/wp-content\/uploads\/2025\/03\/Screenshot-2025-03-30-140642-300x272.png 300w, https:\/\/chiesa.ispravarese.it\/wp-content\/uploads\/2025\/03\/Screenshot-2025-03-30-140642-1024x930.png 1024w, https:\/\/chiesa.ispravarese.it\/wp-content\/uploads\/2025\/03\/Screenshot-2025-03-30-140642-768x697.png 768w, https:\/\/chiesa.ispravarese.it\/wp-content\/uploads\/2025\/03\/Screenshot-2025-03-30-140642.png 1379w\" sizes=\"auto, (max-width: 300px) 100vw, 300px\" \/><\/p>\n<p><b>\u201cChi conosce la Pasqua non pu\u00f2 disperare\u201d<\/b><\/p>\n<p style=\"text-align: justify;\">Essermi recentemente imbattuto in questa frase del teologo Dietrich Bonhoeffer \u00e8 stato un po\u2019 come inciampare. Com\u2019\u00e8 possibile che si possa davvero \u201cinciampare\u201d in una frase? S\u00ec, direi che pu\u00f2 accadere. Perch\u00e9 imbattersi in qualcosa, inciampando, significa che un qualcosa ci fa perdere l&#8217;equilibrio: il movimento precedente, a cui eravamo avvezzi, viene improvvisamente interrotto, ed il corpo, cercando di reagire con maggior istinto, evita la caduta. Non occorre essere in movimento per inciampare, si pu\u00f2 anche essere comodamente seduti sul divano ed avere le gambe alzate, anche cos\u00ec si pu\u00f2 incontrare un ostacolo che ci obbliga a cambiare posizione, insomma, per cos\u00ec dire, come se si trattasse di un inciampo.<\/p>\n<p style=\"text-align: justify;\">In ogni caso, ho nutrito grandi dubbi nelle ultime settimane, se non addirittura, essere arrivato a perdere la speranza su alcune cose. Delle certezze sono andate in fumo! L&#8217;affidabilit\u00e0 dell&#8217;amicizia tra America ed Europa, la sensazione di sicurezza che il nostro esercito sia gi\u00e0 pronto con un piano di difesa, la fiducia nella forza e nella tenuta della democrazia. E mentre sto ancora cercando di orientarmi in queste nuove realt\u00e0, mi imbatto in questa frase di Bonhoeffer. Chi conosce la Pasqua non pu\u00f2 disperare.<\/p>\n<p style=\"text-align: justify;\">Ci\u00f2 significa che qualunque cosa accada, qualunque cosa ci faccia disperare, c&#8217;\u00e8 qualcosa di pi\u00f9 forte, qualcosa che ci offre sostegno, che ci d\u00e0 speranza. Con la Resurrezione di Ges\u00f9 dai morti, Dio ha posto una pietra, un fondamento. In maniera bonaria, vuole farci inciampare. Possiamo cos\u00ec ritrovare la fiducia e il sostegno che era andato perduto. Invece dell&#8217;incertezza, possiamo ritrovare fiducia e sostegno perso.<\/p>\n<p style=\"text-align: justify;\">La Pasqua ci ricorda che ci sono vie d&#8217;uscita dalle stanze buie della solitudine e della depressione,<\/p>\n<p style=\"text-align: justify;\">che la luce ed il calore della primavera in arrivo spazzeranno via le tenebre, che la gioia trionfi sulla tristezza ed il coraggio vinca la paura. Con queste premesse,,buona Pasqua!<\/p>\n<p><em>Carsten Gerdes<\/em><\/p>","protected":false},"excerpt":{"rendered":"<p>\u201cChi conosce la Pasqua non pu\u00f2 disperare\u201d Essermi recentemente imbattuto in questa frase del teologo Dietrich Bonhoeffer \u00e8 stato un po\u2019 come inciampare. Com\u2019\u00e8 possibile che si possa davvero \u201cinciampare\u201d in una frase? S\u00ec, direi che pu\u00f2 accadere. Perch\u00e9 imbattersi in qualcosa, inciampando, significa che un qualcosa ci fa perdere l&#8217;equilibrio: il movimento precedente, a [&hellip;]<\/p>\n","protected":false},"author":8,"featured_media":0,"parent":97,"menu_order":0,"comment_status":"closed","ping_status":"closed","template":"","meta":{"footnotes":""},"class_list":["post-4441","page","type-page","status-publish","hentry"],"_links":{"self":[{"href":"https:\/\/chiesa.ispravarese.it\/it\/wp-json\/wp\/v2\/pages\/4441","targetHints":{"allow":["GET"]}}],"collection":[{"href":"https:\/\/chiesa.ispravarese.it\/it\/wp-json\/wp\/v2\/pages"}],"about":[{"href":"https:\/\/chiesa.ispravarese.it\/it\/wp-json\/wp\/v2\/types\/page"}],"author":[{"embeddable":true,"href":"https:\/\/chiesa.ispravarese.it\/it\/wp-json\/wp\/v2\/users\/8"}],"replies":[{"embeddable":true,"href":"https:\/\/chiesa.ispravarese.it\/it\/wp-json\/wp\/v2\/comments?post=4441"}],"version-history":[{"count":3,"href":"https:\/\/chiesa.ispravarese.it\/it\/wp-json\/wp\/v2\/pages\/4441\/revisions"}],"predecessor-version":[{"id":4445,"href":"https:\/\/chiesa.ispravarese.it\/it\/wp-json\/wp\/v2\/pages\/4441\/revisions\/4445"}],"up":[{"embeddable":true,"href":"https:\/\/chiesa.ispravarese.it\/it\/wp-json\/wp\/v2\/pages\/97"}],"wp:attachment":[{"href":"https:\/\/chiesa.ispravarese.it\/it\/wp-json\/wp\/v2\/media?parent=4441"}],"curies":[{"name":"wp","href":"https:\/\/api.w.org\/{rel}","templated":true}]}}