{"id":4268,"date":"2025-03-30T14:03:35","date_gmt":"2025-03-30T12:03:35","guid":{"rendered":"https:\/\/chiesa.ispravarese.it\/?page_id=4268"},"modified":"2025-09-07T08:53:09","modified_gmt":"2025-09-07T06:53:09","slug":"andacht-09-2024","status":"publish","type":"page","link":"https:\/\/chiesa.ispravarese.it\/it\/angedacht\/andacht-09-2024\/","title":{"rendered":"Riflessione 09\/2024"},"content":{"rendered":"<p><img loading=\"lazy\" decoding=\"async\" class=\"alignnone size-medium wp-image-4091\" src=\"https:\/\/chiesa.ispravarese.it\/wp-content\/uploads\/2024\/09\/IMG20240826172826-300x225.jpg\" alt=\"\" width=\"300\" height=\"225\" srcset=\"https:\/\/chiesa.ispravarese.it\/wp-content\/uploads\/2024\/09\/IMG20240826172826-300x225.jpg 300w, https:\/\/chiesa.ispravarese.it\/wp-content\/uploads\/2024\/09\/IMG20240826172826-1024x768.jpg 1024w, https:\/\/chiesa.ispravarese.it\/wp-content\/uploads\/2024\/09\/IMG20240826172826-768x576.jpg 768w, https:\/\/chiesa.ispravarese.it\/wp-content\/uploads\/2024\/09\/IMG20240826172826-1536x1152.jpg 1536w, https:\/\/chiesa.ispravarese.it\/wp-content\/uploads\/2024\/09\/IMG20240826172826-2048x1536.jpg 2048w\" sizes=\"auto, (max-width: 300px) 100vw, 300px\" \/><\/p>\n<p>&nbsp;<\/p>\n<p><b>Che cosa manca, Cara Comunit\u00e0?<\/b><\/p>\n<p>Spesso possiamo rispondere a questa domanda con facilit\u00e0. Sia che si tratti di applicare un paio di beole all\u2019 edificio, sia se guardiamo alla nostra vita. Di solito \u00e8 facile per noi rispondere a questa domanda. E a volte, dopo le prime risposte veloci, arriva un lungo elenco di cose che non ci sono pi\u00f9 o che non ci sono pi\u00f9 da lungo tempo. Se la mia osservazione \u00e8 corretta, non c&#8217;\u00e8 bisogno di fare esempi. Vi propongo invece un altro spunto di riflessione. Invece di chiedere: cosa manca? Perch\u00e9 non vi chiedete: cosa c&#8217;\u00e8? Che cosa ho?<\/p>\n<p>Se mi prendo del tempo per rispondere a questa domanda, mi rendo subito conto che sono tante le voci! La lista delle cose, delle persone, delle esperienze e delle avventure che posso riportare \u00e8 molto pi\u00f9 lunga rispetto a quello di altri. Purtroppo, per\u00f2, non me ne rendo conto cos\u00ec spesso. E noi viviamo di risultati, che alimentano la nostra soddisfazione o insoddisfazione. Se ci facciamo e rispondiamo sempre e solo alla prima domanda, perdiamo molto e l&#8217;insoddisfazione diventa parte di noi. Non si tratta di indossare occhiali rosa per far apparire la realt\u00e0 pi\u00f9 bella, si tratta piuttosto di toglierci gli occhiali, per lo pi\u00f9 colorati di grigio, per vedere la verit\u00e0.<\/p>\n<p>Cara comunit\u00e0, chi si confronta in questo modo a queste due domande, non pu\u00f2 esimersi dalla seguente: a chi devo tutto ci\u00f2 che mi \u00e8 stato dato?<\/p>\n<p>Nel Salmo 104 si legge: \u201cSignore, quanto sono grandi e innumerevoli le tue opere! Tutto hai fatto con saggezza, la terra \u00e8 piena delle tue creature.\u201d.<\/p>\n<p>Un buon inizio del secondo semestre dell&#8217;anno \u00e8 il mio augurio! Il Pastore <i>Carsten Gerdes<\/i><\/p>","protected":false},"excerpt":{"rendered":"<p>&nbsp; Che cosa manca, Cara Comunit\u00e0? Spesso possiamo rispondere a questa domanda con facilit\u00e0. Sia che si tratti di applicare un paio di beole all\u2019 edificio, sia se guardiamo alla nostra vita. Di solito \u00e8 facile per noi rispondere a questa domanda. E a volte, dopo le prime risposte veloci, arriva un lungo elenco di [&hellip;]<\/p>\n","protected":false},"author":8,"featured_media":0,"parent":97,"menu_order":0,"comment_status":"closed","ping_status":"closed","template":"","meta":{"footnotes":""},"class_list":["post-4268","page","type-page","status-publish","hentry"],"_links":{"self":[{"href":"https:\/\/chiesa.ispravarese.it\/it\/wp-json\/wp\/v2\/pages\/4268","targetHints":{"allow":["GET"]}}],"collection":[{"href":"https:\/\/chiesa.ispravarese.it\/it\/wp-json\/wp\/v2\/pages"}],"about":[{"href":"https:\/\/chiesa.ispravarese.it\/it\/wp-json\/wp\/v2\/types\/page"}],"author":[{"embeddable":true,"href":"https:\/\/chiesa.ispravarese.it\/it\/wp-json\/wp\/v2\/users\/8"}],"replies":[{"embeddable":true,"href":"https:\/\/chiesa.ispravarese.it\/it\/wp-json\/wp\/v2\/comments?post=4268"}],"version-history":[{"count":3,"href":"https:\/\/chiesa.ispravarese.it\/it\/wp-json\/wp\/v2\/pages\/4268\/revisions"}],"predecessor-version":[{"id":4456,"href":"https:\/\/chiesa.ispravarese.it\/it\/wp-json\/wp\/v2\/pages\/4268\/revisions\/4456"}],"up":[{"embeddable":true,"href":"https:\/\/chiesa.ispravarese.it\/it\/wp-json\/wp\/v2\/pages\/97"}],"wp:attachment":[{"href":"https:\/\/chiesa.ispravarese.it\/it\/wp-json\/wp\/v2\/media?parent=4268"}],"curies":[{"name":"wp","href":"https:\/\/api.w.org\/{rel}","templated":true}]}}