{"id":4008,"date":"2024-05-22T11:15:13","date_gmt":"2024-05-22T09:15:13","guid":{"rendered":"https:\/\/chiesa.ispravarese.it\/?page_id=4008"},"modified":"2025-09-07T08:51:01","modified_gmt":"2025-09-07T06:51:01","slug":"andacht-03-2024","status":"publish","type":"page","link":"https:\/\/chiesa.ispravarese.it\/it\/angedacht\/andacht-03-2024\/","title":{"rendered":"Riflessione 03\/2024"},"content":{"rendered":"<p><strong>Conversione, dire s\u00ec, fiducia &#8230;<\/strong><\/p>\n<p style=\"text-align: justify;\">&#8211; Questi sono alcuni degli slogan indicati su strisce di tessuto che, qualche tempo fa, sono rimaste appese in chiesa per un po\u2019. Sono stati realizzati dal gruppo dei Confermandi per coloro che sono stati battezzati a febbraio. Perch\u00e9 lo ricordo qui? Beh, nei primi decenni del cristianesimo, i neo credenti venivano accolti nella comunit\u00e0 durante la veglia pasquale. Indossando abiti bianchi, entravano in chiesa, professavano la loro fede in Dio con un vigoroso &#8220;s\u00ec&#8221; davanti a tutti, venivano battezzati e da quel momento in poi venivano ammessi nella comunit\u00e0 a pieno titolo. Nel corso dei secoli, il battesimo e la confermazione hanno perso il loro legame con la Pasqua e hanno trovato una loro collocazione. Tuttavia, quanto scritto sulle strisce di tessuto, \u00e8 ancora in sintonia con la Pasqua. Pasqua significa nuovo inizio: Dio supera il confine della morte e dona una vita nuova. Ogni anno possiamo dire &#8220;s\u00ec&#8221; di fronte a questa affermazione. Pasqua \u00e8 sinonimo di fiducia, del fatto che Dio non ci abbandoner\u00e0, essere uniti con gli altri \u00e8 possibile, e questa unione offre sostegno, supporto e rafforza ciascuno di noi. Pasqua \u00e8 sinonimo di conversione: sto intraprendendo un<br \/>\nnuovo cammino. La Pasqua \u00e8 il &#8220;patto&#8221; di Dio con noi: &#8220;Chi crede in me, anche se muore, vivr\u00e0 (Gv 11,25)&#8221;. La Pasqua \u00e8 segno del fatto che veniamo accettati da Dio, altrimenti non avrebbe intrapreso questo cammino. A Pasqua (ma anche in altri momenti dell&#8217;anno) posso entrare in chiesa \u2013 per lo meno professare interiormente la mia fede in Dio e accettare il suo invito; purtroppo gli uffici di stato civile hanno chiuso i loro battenti.<br \/>\nLa Pasqua \u00e8 una benedizione &#8211; ed \u00e8 proprio questo che auguro a voi quest&#8217;anno, che sentiate la benedizione di Dio! E quindi: BUONA PASQUA!<\/p>\n<p>Carsten Gerdes<\/p>","protected":false},"excerpt":{"rendered":"<p>Conversione, dire s\u00ec, fiducia &#8230; &#8211; Questi sono alcuni degli slogan indicati su strisce di tessuto che, qualche tempo fa, sono rimaste appese in chiesa per un po\u2019. Sono stati realizzati dal gruppo dei Confermandi per coloro che sono stati battezzati a febbraio. Perch\u00e9 lo ricordo qui? Beh, nei primi decenni del cristianesimo, i neo [&hellip;]<\/p>\n","protected":false},"author":2,"featured_media":0,"parent":97,"menu_order":0,"comment_status":"closed","ping_status":"closed","template":"","meta":{"footnotes":""},"class_list":["post-4008","page","type-page","status-publish","hentry"],"_links":{"self":[{"href":"https:\/\/chiesa.ispravarese.it\/it\/wp-json\/wp\/v2\/pages\/4008","targetHints":{"allow":["GET"]}}],"collection":[{"href":"https:\/\/chiesa.ispravarese.it\/it\/wp-json\/wp\/v2\/pages"}],"about":[{"href":"https:\/\/chiesa.ispravarese.it\/it\/wp-json\/wp\/v2\/types\/page"}],"author":[{"embeddable":true,"href":"https:\/\/chiesa.ispravarese.it\/it\/wp-json\/wp\/v2\/users\/2"}],"replies":[{"embeddable":true,"href":"https:\/\/chiesa.ispravarese.it\/it\/wp-json\/wp\/v2\/comments?post=4008"}],"version-history":[{"count":3,"href":"https:\/\/chiesa.ispravarese.it\/it\/wp-json\/wp\/v2\/pages\/4008\/revisions"}],"predecessor-version":[{"id":4451,"href":"https:\/\/chiesa.ispravarese.it\/it\/wp-json\/wp\/v2\/pages\/4008\/revisions\/4451"}],"up":[{"embeddable":true,"href":"https:\/\/chiesa.ispravarese.it\/it\/wp-json\/wp\/v2\/pages\/97"}],"wp:attachment":[{"href":"https:\/\/chiesa.ispravarese.it\/it\/wp-json\/wp\/v2\/media?parent=4008"}],"curies":[{"name":"wp","href":"https:\/\/api.w.org\/{rel}","templated":true}]}}