{"id":3823,"date":"2024-02-28T09:35:58","date_gmt":"2024-02-28T08:35:58","guid":{"rendered":"https:\/\/chiesa.ispravarese.it\/?page_id=3823"},"modified":"2025-09-07T08:50:39","modified_gmt":"2025-09-07T06:50:39","slug":"andacht-01-2024","status":"publish","type":"page","link":"https:\/\/chiesa.ispravarese.it\/it\/angedacht\/andacht-01-2024\/","title":{"rendered":"Riflessione 01\/2024"},"content":{"rendered":"<p><strong>Giornata mondiale della preghiera 2024<\/strong><\/p>\n<p><img loading=\"lazy\" decoding=\"async\" class=\"alignnone size-medium wp-image-3800\" src=\"https:\/\/chiesa.ispravarese.it\/wp-content\/uploads\/2024\/01\/Titel-253x300.jpg\" alt=\"\" width=\"253\" height=\"300\" srcset=\"https:\/\/chiesa.ispravarese.it\/wp-content\/uploads\/2024\/01\/Titel-253x300.jpg 253w, https:\/\/chiesa.ispravarese.it\/wp-content\/uploads\/2024\/01\/Titel.jpg 685w\" sizes=\"auto, (max-width: 253px) 100vw, 253px\" \/><\/p>\n<p><b>\u201eThere is a breakthrough in the wall\u201c<\/b><\/p>\n<p>Ogni anno, in questo spazio, vi scrivo le informazioni in merito al Culto programmato per la Giornata Mondiale di Preghiera. Quest&#8217;anno sar\u00e0 celebrato un Culto sulla parola della Lettera agli Efesini: &#8220;&#8230; la pace \u00e8 il vincolo che vi unisce&#8221; (Ef 4, 3) PACE \u2013 ce l\u2019auguriamo molto tutti noi perch\u00e9 sentiamo molta discordia nel nostro mondo e soprattutto all&#8217;inizio di questo nuovo anno. Le persone in Palestina ed in Israele la desiderano certamente pi\u00f9 di noi! Pi\u00f9 di 100 ostaggi sono ancora detenuti nella Striscia di Gaza, donne, uomini e bambini continuano a morire ogni giorno a causa degli attacchi dell&#8217;esercito israeliano nella Striscia di Gaza e in Cisgiordania.<\/p>\n<p>L&#8217;attuale Giornata Mondiale di Preghiera \u00e8 stata organizzata da donne cristiane della Palestina. La liturgia \u00e8 stata scritta anni prima del 7 ottobre. Ed ora?<\/p>\n<p>Ora possiamo unirci alla Preghiera per la Pace. Ma \u00e8 cos\u00ec semplice? Si pu\u00f2 semplicemente pregare senza prendere posizione? E se s\u00ec, stando da quale parte?<\/p>\n<p>Noi, come comunit\u00e0 prevalentemente tedesca, abbiamo un rapporto speciale che lega la Germania ad Israele. Una responsabilit\u00e0 che \u00e8 cresciuta nel corso della storia. Siamo rimasti scioccati da questo terribile attacco. Non possiamo nemmeno tenere la bocca chiusa sull&#8217;attuale guerra contro i civili. \u00c8 una questione difficile e per la quale nel nostro intimo ci sentiamo forse molto combattuti.<\/p>\n<p>Le donne cristiane palestinesi sono unite con noi mediante la fede in Dio uno e trino. Si tratta dell\u2019unit\u00e0 che Paolo sottolinea nelle frasi della Lettera agli Efesini. La pace sarebbe anche il legame che potrebbe tenere insieme le diverse nazionalit\u00e0 e religioni in Israele. Preghiamo per la pace nella nostra Chiesa il <b>3 marzo alle 10.30<\/b> e confidiamo che Dio continui ad aiutare l\u2019umanit\u00e0!<\/p>\n<p>Lo spera la Vostra Magdalena Tiebel-Gerdes<\/p>\n<p>&nbsp;<\/p>","protected":false},"excerpt":{"rendered":"<p>Giornata mondiale della preghiera 2024 \u201eThere is a breakthrough in the wall\u201c Ogni anno, in questo spazio, vi scrivo le informazioni in merito al Culto programmato per la Giornata Mondiale di Preghiera. Quest&#8217;anno sar\u00e0 celebrato un Culto sulla parola della Lettera agli Efesini: &#8220;&#8230; la pace \u00e8 il vincolo che vi unisce&#8221; (Ef 4, 3) [&hellip;]<\/p>\n","protected":false},"author":2,"featured_media":0,"parent":97,"menu_order":0,"comment_status":"closed","ping_status":"closed","template":"","meta":{"footnotes":""},"class_list":["post-3823","page","type-page","status-publish","hentry"],"_links":{"self":[{"href":"https:\/\/chiesa.ispravarese.it\/it\/wp-json\/wp\/v2\/pages\/3823","targetHints":{"allow":["GET"]}}],"collection":[{"href":"https:\/\/chiesa.ispravarese.it\/it\/wp-json\/wp\/v2\/pages"}],"about":[{"href":"https:\/\/chiesa.ispravarese.it\/it\/wp-json\/wp\/v2\/types\/page"}],"author":[{"embeddable":true,"href":"https:\/\/chiesa.ispravarese.it\/it\/wp-json\/wp\/v2\/users\/2"}],"replies":[{"embeddable":true,"href":"https:\/\/chiesa.ispravarese.it\/it\/wp-json\/wp\/v2\/comments?post=3823"}],"version-history":[{"count":3,"href":"https:\/\/chiesa.ispravarese.it\/it\/wp-json\/wp\/v2\/pages\/3823\/revisions"}],"predecessor-version":[{"id":4450,"href":"https:\/\/chiesa.ispravarese.it\/it\/wp-json\/wp\/v2\/pages\/3823\/revisions\/4450"}],"up":[{"embeddable":true,"href":"https:\/\/chiesa.ispravarese.it\/it\/wp-json\/wp\/v2\/pages\/97"}],"wp:attachment":[{"href":"https:\/\/chiesa.ispravarese.it\/it\/wp-json\/wp\/v2\/media?parent=3823"}],"curies":[{"name":"wp","href":"https:\/\/api.w.org\/{rel}","templated":true}]}}