{"id":3807,"date":"2024-01-19T16:51:53","date_gmt":"2024-01-19T15:51:53","guid":{"rendered":"https:\/\/chiesa.ispravarese.it\/?page_id=3807"},"modified":"2025-09-07T08:49:41","modified_gmt":"2025-09-07T06:49:41","slug":"andacht-11-2023","status":"publish","type":"page","link":"https:\/\/chiesa.ispravarese.it\/it\/angedacht\/andacht-11-2023\/","title":{"rendered":"Riflessione 11\/2023"},"content":{"rendered":"<p>&nbsp;<\/p>\n<p><img loading=\"lazy\" decoding=\"async\" class=\"alignnone size-medium wp-image-3779\" src=\"https:\/\/chiesa.ispravarese.it\/wp-content\/uploads\/2023\/11\/IMG20231108105210-209x300.jpg\" alt=\"\" width=\"209\" height=\"300\" srcset=\"https:\/\/chiesa.ispravarese.it\/wp-content\/uploads\/2023\/11\/IMG20231108105210-209x300.jpg 209w, https:\/\/chiesa.ispravarese.it\/wp-content\/uploads\/2023\/11\/IMG20231108105210-715x1024.jpg 715w, https:\/\/chiesa.ispravarese.it\/wp-content\/uploads\/2023\/11\/IMG20231108105210-768x1100.jpg 768w, https:\/\/chiesa.ispravarese.it\/wp-content\/uploads\/2023\/11\/IMG20231108105210-1072x1536.jpg 1072w, https:\/\/chiesa.ispravarese.it\/wp-content\/uploads\/2023\/11\/IMG20231108105210-1429x2048.jpg 1429w, https:\/\/chiesa.ispravarese.it\/wp-content\/uploads\/2023\/11\/IMG20231108105210-scaled.jpg 1787w\" sizes=\"auto, (max-width: 209px) 100vw, 209px\" \/><\/p>\n<p><strong>Essere o apparire?<\/strong><\/p>\n<p style=\"text-align: justify;\"><span style=\"text-align: justify;\">Cara comunit\u00e0,<\/span><\/p>\n<p>A maggio, a Maiorca, ho incontrato questo personaggio un po&#8217; paffuto. Era nel negozio di un monastero sperduto in cima a una montagna, un cielo azzurro e a 25\u00b0 gradi. Sono rimasto sorpreso.<br \/>\nIn questi giorni e settimane di quest\u2019 anno che sta volgendo verso la fine, per\u00f2, il paffutello sembra quasi onnipresente. Appare nelle vetrine dei negozi, in televisione, nelle pubblicit\u00e0 dei supermercati e alle feste scolastiche e diffonde allegria. La maggior parte delle persone, soprattutto i bambini, sono felici quando lo vedono. Perch\u00e9 promette gioia, serenit\u00e0, momenti splendenti, felicit\u00e0 e regali. Ma \u00e8 solo un rappresentante di tutti i colori scintillanti. Quando si preme sulla fibbia della sua cintura, ecco cosa c&#8217;\u00e8 veramente all\u2019interno:<\/p>\n<div id=\"attachment_3780\" style=\"width: 310px\" class=\"wp-caption alignnone\"><img loading=\"lazy\" decoding=\"async\" aria-describedby=\"caption-attachment-3780\" class=\"size-medium wp-image-3780\" src=\"https:\/\/chiesa.ispravarese.it\/wp-content\/uploads\/2023\/11\/babbo-detail-300x232.jpg\" alt=\"\" width=\"300\" height=\"232\" srcset=\"https:\/\/chiesa.ispravarese.it\/wp-content\/uploads\/2023\/11\/babbo-detail-300x232.jpg 300w, https:\/\/chiesa.ispravarese.it\/wp-content\/uploads\/2023\/11\/babbo-detail-1024x791.jpg 1024w, https:\/\/chiesa.ispravarese.it\/wp-content\/uploads\/2023\/11\/babbo-detail-768x593.jpg 768w, https:\/\/chiesa.ispravarese.it\/wp-content\/uploads\/2023\/11\/babbo-detail.jpg 1424w\" sizes=\"auto, (max-width: 300px) 100vw, 300px\" \/><p id=\"caption-attachment-3780\" class=\"wp-caption-text\">20231108_111847<\/p><\/div>\n<p>un presepe! Dio si \u00e8 fatto uomo. Il pi\u00f9 grande mistero, il dono pi\u00f9 grande che io conosca, \u00e8 in Lui. Inspiegabile, inconcepibile, indescrivibile. Contiene un messaggio: Io, Dio, voglio avvicinarmi a te, accompagnare ogni essere umano. Chiunque sia in grado di crederci, sperimenter\u00e0 il cambiamento: dall&#8217;apparenza alla realt\u00e0!<\/p>\n<p style=\"text-align: justify;\"><span style=\"text-align: justify;\"><br \/>\nNon vi auguro niente di meno per Natale.<br \/>\nVostro, Carsten Gerdes<\/span><\/p>\n<p style=\"text-align: justify;\">\n<p><\/p>","protected":false},"excerpt":{"rendered":"<p>&nbsp; Essere o apparire? Cara comunit\u00e0, A maggio, a Maiorca, ho incontrato questo personaggio un po&#8217; paffuto. Era nel negozio di un monastero sperduto in cima a una montagna, un cielo azzurro e a 25\u00b0 gradi. Sono rimasto sorpreso. In questi giorni e settimane di quest\u2019 anno che sta volgendo verso la fine, per\u00f2, il [&hellip;]<\/p>\n","protected":false},"author":2,"featured_media":0,"parent":97,"menu_order":0,"comment_status":"closed","ping_status":"closed","template":"","meta":{"footnotes":""},"class_list":["post-3807","page","type-page","status-publish","hentry"],"_links":{"self":[{"href":"https:\/\/chiesa.ispravarese.it\/it\/wp-json\/wp\/v2\/pages\/3807","targetHints":{"allow":["GET"]}}],"collection":[{"href":"https:\/\/chiesa.ispravarese.it\/it\/wp-json\/wp\/v2\/pages"}],"about":[{"href":"https:\/\/chiesa.ispravarese.it\/it\/wp-json\/wp\/v2\/types\/page"}],"author":[{"embeddable":true,"href":"https:\/\/chiesa.ispravarese.it\/it\/wp-json\/wp\/v2\/users\/2"}],"replies":[{"embeddable":true,"href":"https:\/\/chiesa.ispravarese.it\/it\/wp-json\/wp\/v2\/comments?post=3807"}],"version-history":[{"count":3,"href":"https:\/\/chiesa.ispravarese.it\/it\/wp-json\/wp\/v2\/pages\/3807\/revisions"}],"predecessor-version":[{"id":4448,"href":"https:\/\/chiesa.ispravarese.it\/it\/wp-json\/wp\/v2\/pages\/3807\/revisions\/4448"}],"up":[{"embeddable":true,"href":"https:\/\/chiesa.ispravarese.it\/it\/wp-json\/wp\/v2\/pages\/97"}],"wp:attachment":[{"href":"https:\/\/chiesa.ispravarese.it\/it\/wp-json\/wp\/v2\/media?parent=3807"}],"curies":[{"name":"wp","href":"https:\/\/api.w.org\/{rel}","templated":true}]}}