{"id":3762,"date":"2023-11-09T14:20:32","date_gmt":"2023-11-09T13:20:32","guid":{"rendered":"https:\/\/chiesa.ispravarese.it\/?page_id=3762"},"modified":"2025-09-07T08:52:55","modified_gmt":"2025-09-07T06:52:55","slug":"andacht-09-2023","status":"publish","type":"page","link":"https:\/\/chiesa.ispravarese.it\/it\/angedacht\/andacht-09-2023\/","title":{"rendered":"Riflessione 09\/2023"},"content":{"rendered":"<p>&nbsp;<\/p>\n<p><img loading=\"lazy\" decoding=\"async\" class=\"alignnone size-medium wp-image-3698\" src=\"https:\/\/chiesa.ispravarese.it\/wp-content\/uploads\/2023\/09\/IMG20230731141446-300x225.jpg\" alt=\"\" width=\"300\" height=\"225\" srcset=\"https:\/\/chiesa.ispravarese.it\/wp-content\/uploads\/2023\/09\/IMG20230731141446-300x225.jpg 300w, https:\/\/chiesa.ispravarese.it\/wp-content\/uploads\/2023\/09\/IMG20230731141446-1024x768.jpg 1024w, https:\/\/chiesa.ispravarese.it\/wp-content\/uploads\/2023\/09\/IMG20230731141446-768x576.jpg 768w, https:\/\/chiesa.ispravarese.it\/wp-content\/uploads\/2023\/09\/IMG20230731141446-1536x1152.jpg 1536w, https:\/\/chiesa.ispravarese.it\/wp-content\/uploads\/2023\/09\/IMG20230731141446-2048x1536.jpg 2048w\" sizes=\"auto, (max-width: 300px) 100vw, 300px\" \/><\/p>\n<table>\n<tbody>\n<tr>\n<td width=\"126\"><\/td>\n<\/tr>\n<tr>\n<td><\/td>\n<td width=\"345\">\n<table width=\"100%\">\n<tbody>\n<tr>\n<td><strong>non \u00e8 stato trovato nulla per la query di ricerca &#8220;dove si trova Dio&#8221; su google maps<\/strong><\/td>\n<\/tr>\n<\/tbody>\n<\/table>\n<\/td>\n<\/tr>\n<\/tbody>\n<\/table>\n<p>&nbsp;<\/p>\n<p>Un rabbino, un sacerdote, un pastore ed un monaco buddista si danno appuntamento in una caffetteria. Naturalmente parlano di Dio.<\/p>\n<p>&#8220;Dio \u00e8 in cielo&#8221;, assicura il sacerdote.<\/p>\n<p>&#8220;Dio \u00e8 sulla terra&#8221;, controbatte il pastore.<\/p>\n<p>&#8220;Dio \u00e8 in noi&#8221;, ribatte il monaco buddista.<\/p>\n<p>&#8220;Dio \u00e8 ovunque gli si permetta di entrare&#8221;, ribatte il rabbino.<\/p>\n<p>Cara Comunit\u00e0,<\/p>\n<p>mi piacciono due aspetti della risposta del rabbino. In primo luogo, non relega Dio in un luogo particolare. Dio non si trova solo l\u00ec o in altro luogo: per esempio, in chiesa, nella Bibbia o da qualche altra parte. Sono scettico nei confronti di coloro che pensano di sapere esattamente dove si trova Dio e come \u00e8 fatto, o che credono di poter dire perfettamente quale \u00e8 la volont\u00e0 di Dio e cosa non \u00e8 giusto per Lui. Perch\u00e9 ai miei occhi si pongono al pari di Lui, se non al di sopra di Lui. Rivendicano una sovranit\u00e0 interpretativa che non appartiene loro, che non appartiene a nessuno di noi. Sinceramente mi chiedo: che bisogno ho di un Dio se sono io a stabilire come e dove si trova?<\/p>\n<p>La seconda cosa che mi piace della risposta del rabbino \u00e8 che descrive Dio come un essere in azione, in movimento: Dio \u00e8, si manifesta l\u00e0 dove un essere umano entra in contatto con Lui, lo si sente e gli si permette di entrare nella vita della persona. Quindi, Dio non \u00e8 cos\u00ec e cos\u00ec, ma lo riconosco nell\u2019incontro che io faccio con Lui. \u00c8 solo quando lascio entrare Dio nella mia vita che allora si mostra anche a me per quello che \u00e8, per quello che potrebbe essere. Ed \u00e8 questo il momento in cui inizia qualcosa di grande, di molto pi\u00f9 grande rispetto a quanto potremmo descrivere.<\/p>\n<p>Provate. Il Vostro Pastore Carsten Gerdes<\/p>","protected":false},"excerpt":{"rendered":"<p>&nbsp; non \u00e8 stato trovato nulla per la query di ricerca &#8220;dove si trova Dio&#8221; su google maps &nbsp; Un rabbino, un sacerdote, un pastore ed un monaco buddista si danno appuntamento in una caffetteria. Naturalmente parlano di Dio. &#8220;Dio \u00e8 in cielo&#8221;, assicura il sacerdote. &#8220;Dio \u00e8 sulla terra&#8221;, controbatte il pastore. &#8220;Dio \u00e8 [&hellip;]<\/p>\n","protected":false},"author":2,"featured_media":0,"parent":97,"menu_order":0,"comment_status":"closed","ping_status":"closed","template":"","meta":{"footnotes":""},"class_list":["post-3762","page","type-page","status-publish","hentry"],"_links":{"self":[{"href":"https:\/\/chiesa.ispravarese.it\/it\/wp-json\/wp\/v2\/pages\/3762","targetHints":{"allow":["GET"]}}],"collection":[{"href":"https:\/\/chiesa.ispravarese.it\/it\/wp-json\/wp\/v2\/pages"}],"about":[{"href":"https:\/\/chiesa.ispravarese.it\/it\/wp-json\/wp\/v2\/types\/page"}],"author":[{"embeddable":true,"href":"https:\/\/chiesa.ispravarese.it\/it\/wp-json\/wp\/v2\/users\/2"}],"replies":[{"embeddable":true,"href":"https:\/\/chiesa.ispravarese.it\/it\/wp-json\/wp\/v2\/comments?post=3762"}],"version-history":[{"count":2,"href":"https:\/\/chiesa.ispravarese.it\/it\/wp-json\/wp\/v2\/pages\/3762\/revisions"}],"predecessor-version":[{"id":4455,"href":"https:\/\/chiesa.ispravarese.it\/it\/wp-json\/wp\/v2\/pages\/3762\/revisions\/4455"}],"up":[{"embeddable":true,"href":"https:\/\/chiesa.ispravarese.it\/it\/wp-json\/wp\/v2\/pages\/97"}],"wp:attachment":[{"href":"https:\/\/chiesa.ispravarese.it\/it\/wp-json\/wp\/v2\/media?parent=3762"}],"curies":[{"name":"wp","href":"https:\/\/api.w.org\/{rel}","templated":true}]}}