{"id":3703,"date":"2023-09-09T11:15:10","date_gmt":"2023-09-09T09:15:10","guid":{"rendered":"https:\/\/chiesa.ispravarese.it\/?page_id=3703"},"modified":"2024-04-04T17:36:21","modified_gmt":"2024-04-04T15:36:21","slug":"italiano-appuntamenti-05-2023","status":"publish","type":"page","link":"https:\/\/chiesa.ispravarese.it\/it\/termine\/italiano-appuntamenti-05-2023\/","title":{"rendered":"Appuntamenti 05\/2023"},"content":{"rendered":"<p><\/p>\n<h3>Culti ed eventi a maggio 2023<\/h3>\n<p><strong>Domenica, 07\/05 alle ore 10.30<\/strong><\/p>\n<p>Domenica, 07 maggio vorremmo celebrare un culto all&#8217;aria aperta nell&#8217;orto solidale DiKunTu parlando del creato. Sar\u00e0 seguito anche di un pranzo leggero in comune.<br \/>\nL&#8217;indirizzo \u00e8: Cocquio, Strada per Armino, 11 (al di sopra della Sacra famiglia).<\/p>\n<p><strong>Marted\u00ec, 09\/05 alle ore 10.00<\/strong><br \/>\nStudienkreis<\/p>\n<p><strong>Sabato, 13\/03 alle ore 10.00<br \/>\n<\/strong><span style=\"font-size: medium;\">\u201eWaldkinder\u201c a Brinzio<\/span><\/p>\n<p><strong>Domenica, 14\/05 alle ore 10.30<\/strong><br \/>\nCulto (Pastora Nora Foeth)<\/p>\n<p><strong>Sabato, 20\/05 alle ore 10.00<\/strong><br \/>\nCulto con battesimo<\/p>\n<p><strong>Domenica, 21\/05 alle ore 10.30<\/strong><br \/>\nCulto<\/p>\n<p><strong>Venerd\u00ec, 26\/05 alle ore 16.00<\/strong><br \/>\nCelebrazione di matrimonio ecumenico<\/p>\n<p><strong>Sabato, 27\/05 alle ore 11.00<\/strong><br \/>\nCelebrazione di matrimonio e battesimo<\/p>\n<p><strong>Domenica, 28\/05 alle ore 10.30<\/strong><br \/>\nCulto di Pentecoste con Santa Cena<\/p>\n<p><strong>Mercoled\u00ec, 31\/05 alle ore 20.00<\/strong><br \/>\n<a href=\"https:\/\/chiesa.ispravarese.it\/wp-content\/uploads\/2023\/04\/Konzert-Wunsch.pdf\">concerto di pianoforte<\/a><\/p>\n<h3>Culti ed eventi a giugno 2023<\/h3>\n<p><span style=\"color: #ff0000;\"><strong>Domenica, 04\/06<\/strong><\/span><br \/>\n<span style=\"color: #ff0000;\">nessun culto<\/span><\/p>\n<p><strong>Gioved\u00ec, 08\/06 alle ore 20.00<\/strong><br \/>\nCaldanerinnen a Ranco<\/p>\n<p><strong>Sabato, 10\/06 alle ore 16.30<\/strong><br \/>\nIncontro ecumenico a Varese<\/p>\n<p><strong>Domenica, 11\/06 alle ore 10.30<\/strong><br \/>\nCulto, seguito da Assemblea Generale alle 11.45<\/p>\n<p><strong>Domenica, 17\/06 alle ore 16.00<br \/>\n<\/strong>Meditazione in occasione della festa della comunit\u00e0<\/p>\n<p><strong>Domenica, 17\/06 alle ore 17.00<\/strong><br \/>\n<a href=\"https:\/\/chiesa.ispravarese.it\/wp-content\/uploads\/2023\/04\/Plakat_17.06.23.pdf\">Concerto d&#8217;organo Claudia Hirschfeld<\/a><br \/>\nseguito da festa della comunit\u00e0<\/p>\n<p><span style=\"color: #ff0000;\"><strong>Domenica, 04\/06<\/strong><\/span><br \/>\n<span style=\"color: #ff0000;\">nessun culto<\/span><\/p>\n<p><strong>Marted\u00ec, 20\/06 alle ore 10.00<\/strong><br \/>\nStudienkreis<\/p>\n<p><strong>Sabato, 24\/06<\/strong><br \/>\n<a href=\"https:\/\/chiesa.ispravarese.it\/wp-content\/uploads\/2023\/06\/48359.Lange-Kinonacht-PLAKAT-24.6.2023.pdf\">notte cineastica del Club cineastico<\/a><\/p>\n<p><strong>Domenica, 25\/06 alle ore 10.30<\/strong><br \/>\nCulto prima della pausa estiva<\/p>","protected":false},"excerpt":{"rendered":"<p>Culti ed eventi a maggio 2023 Domenica, 07\/05 alle ore 10.30 Domenica, 07 maggio vorremmo celebrare un culto all&#8217;aria aperta nell&#8217;orto solidale DiKunTu parlando del creato. Sar\u00e0 seguito anche di un pranzo leggero in comune. L&#8217;indirizzo \u00e8: Cocquio, Strada per Armino, 11 (al di sopra della Sacra famiglia). Marted\u00ec, 09\/05 alle ore 10.00 Studienkreis Sabato, [&hellip;]<\/p>\n","protected":false},"author":2,"featured_media":0,"parent":110,"menu_order":0,"comment_status":"closed","ping_status":"closed","template":"","meta":{"footnotes":""},"class_list":["post-3703","page","type-page","status-publish","hentry"],"_links":{"self":[{"href":"https:\/\/chiesa.ispravarese.it\/it\/wp-json\/wp\/v2\/pages\/3703","targetHints":{"allow":["GET"]}}],"collection":[{"href":"https:\/\/chiesa.ispravarese.it\/it\/wp-json\/wp\/v2\/pages"}],"about":[{"href":"https:\/\/chiesa.ispravarese.it\/it\/wp-json\/wp\/v2\/types\/page"}],"author":[{"embeddable":true,"href":"https:\/\/chiesa.ispravarese.it\/it\/wp-json\/wp\/v2\/users\/2"}],"replies":[{"embeddable":true,"href":"https:\/\/chiesa.ispravarese.it\/it\/wp-json\/wp\/v2\/comments?post=3703"}],"version-history":[{"count":2,"href":"https:\/\/chiesa.ispravarese.it\/it\/wp-json\/wp\/v2\/pages\/3703\/revisions"}],"predecessor-version":[{"id":3856,"href":"https:\/\/chiesa.ispravarese.it\/it\/wp-json\/wp\/v2\/pages\/3703\/revisions\/3856"}],"up":[{"embeddable":true,"href":"https:\/\/chiesa.ispravarese.it\/it\/wp-json\/wp\/v2\/pages\/110"}],"wp:attachment":[{"href":"https:\/\/chiesa.ispravarese.it\/it\/wp-json\/wp\/v2\/media?parent=3703"}],"curies":[{"name":"wp","href":"https:\/\/api.w.org\/{rel}","templated":true}]}}