{"id":3488,"date":"2023-01-24T20:39:34","date_gmt":"2023-01-24T19:39:34","guid":{"rendered":"https:\/\/chiesa.ispravarese.it\/?page_id=3488"},"modified":"2025-09-07T08:53:29","modified_gmt":"2025-09-07T06:53:29","slug":"andacht-09-2022-2","status":"publish","type":"page","link":"https:\/\/chiesa.ispravarese.it\/it\/angedacht\/andacht-09-2022-2\/","title":{"rendered":"Riflessione 11\/2022"},"content":{"rendered":"<p>Cara Comunit\u00e0,<\/p>\n<p style=\"text-align: justify;\">quando penso al Natale subito mi viene in mente l&#8217;inizio di questo canto (parte iniziale) e sento gi\u00e0 la melodia. E attraverso i suoni emergono ricordi ed immagini.<br \/>\nMa \u00e8 davvero cos\u00ec? Ogni anno, ancora&#8230; Ok, albero, luci, regali, cibo &#8211; si comincia speso da qui. Alcune famiglie fanno per tradizione sempre le stesse cosa, altre dicono invece: \u201csicuramente quest\u2019anno si fa qualcosa di diverso dall&#8217;anno precedente\u201d. Nella newsletter dell&#8217;anno scorso si parlava dell\u2019atmosfera del mese di novembre, e adesso mi accingo ad uscire di casa per andare a stendere il bucato all&#8217;aperto ed in pieno sole. Le immagini in prima pagina erano diverse. L&#8217;anno scorso non c&#8217;era stato alcun battesimo nella nostra Comunit\u00e0, ora, invece, \u00e8 appena arrivata la seconda richiesta. Ci sono quindi dei cambiamenti ma una sola cosa non cambia:<br \/>\nNatale \u00e8 la venuta di Dio nel nostro mondo. Resta immutato, ieri, oggi e domani! Forse Dio raggiunge coloro che hanno pi\u00f9 bisogno di Lui rispetto ad altri, perch\u00e9 si trovano ai margini della societ\u00e0, perch\u00e9 nessuno d\u00e0 loro fiducia, perch\u00e9 alcuni dicono che non appartengono a questo luogo, perch\u00e9 sono soli e nessuno va a trovarli, perch\u00e9 sono malati, inconsolabili, amareggiati, scoraggiati, affamati, disperati, annoiati, arroganti, sicuri di s\u00e9, &#8230;.<br \/>\nAlla fine Dio viene anche da te e da me. Con il sorriso di un neonato stabilisce il primo contatto e nei suoi occhi c&#8217;\u00e8 un unico messaggio: ti amo e voglio che tu viva in pace, ieri, oggi e domani. Ogni anno. Buon Natale!<\/p>\n<p><em>Carsten Gerdes<\/em><\/p>\n<p style=\"text-align: justify;\">\n<p><\/p>","protected":false},"excerpt":{"rendered":"<p>Cara Comunit\u00e0, quando penso al Natale subito mi viene in mente l&#8217;inizio di questo canto (parte iniziale) e sento gi\u00e0 la melodia. E attraverso i suoni emergono ricordi ed immagini. Ma \u00e8 davvero cos\u00ec? Ogni anno, ancora&#8230; Ok, albero, luci, regali, cibo &#8211; si comincia speso da qui. Alcune famiglie fanno per tradizione sempre le [&hellip;]<\/p>\n","protected":false},"author":2,"featured_media":0,"parent":97,"menu_order":0,"comment_status":"closed","ping_status":"closed","template":"","meta":{"footnotes":""},"class_list":["post-3488","page","type-page","status-publish","hentry"],"_links":{"self":[{"href":"https:\/\/chiesa.ispravarese.it\/it\/wp-json\/wp\/v2\/pages\/3488","targetHints":{"allow":["GET"]}}],"collection":[{"href":"https:\/\/chiesa.ispravarese.it\/it\/wp-json\/wp\/v2\/pages"}],"about":[{"href":"https:\/\/chiesa.ispravarese.it\/it\/wp-json\/wp\/v2\/types\/page"}],"author":[{"embeddable":true,"href":"https:\/\/chiesa.ispravarese.it\/it\/wp-json\/wp\/v2\/users\/2"}],"replies":[{"embeddable":true,"href":"https:\/\/chiesa.ispravarese.it\/it\/wp-json\/wp\/v2\/comments?post=3488"}],"version-history":[{"count":3,"href":"https:\/\/chiesa.ispravarese.it\/it\/wp-json\/wp\/v2\/pages\/3488\/revisions"}],"predecessor-version":[{"id":4457,"href":"https:\/\/chiesa.ispravarese.it\/it\/wp-json\/wp\/v2\/pages\/3488\/revisions\/4457"}],"up":[{"embeddable":true,"href":"https:\/\/chiesa.ispravarese.it\/it\/wp-json\/wp\/v2\/pages\/97"}],"wp:attachment":[{"href":"https:\/\/chiesa.ispravarese.it\/it\/wp-json\/wp\/v2\/media?parent=3488"}],"curies":[{"name":"wp","href":"https:\/\/api.w.org\/{rel}","templated":true}]}}