{"id":3448,"date":"2022-11-08T09:15:17","date_gmt":"2022-11-08T08:15:17","guid":{"rendered":"https:\/\/chiesa.ispravarese.it\/?page_id=3448"},"modified":"2025-09-07T08:52:10","modified_gmt":"2025-09-07T06:52:10","slug":"andacht-09-2022","status":"publish","type":"page","link":"https:\/\/chiesa.ispravarese.it\/it\/angedacht\/andacht-09-2022\/","title":{"rendered":"Riflessione 09\/2022"},"content":{"rendered":"<p><strong><em>Tracce<\/em><\/strong><\/p>\n<p><strong><em>Il vecchio africano si chiamava Daniel.<\/em><\/strong><\/p>\n<p><strong><em>Credeva in Dio.<\/em><\/strong><\/p>\n<p><strong><em>Qualcuno voleva prenderlo in giro.<\/em><\/strong><\/p>\n<p><strong><em>Egli domand\u00f2: \u00abDaniel, come fai a sapere che c\u2019\u00e8 un Dio?\u00bb<\/em><\/strong><\/p>\n<p><strong><em>Daniel rispose:<\/em><\/strong><\/p>\n<p><strong><em>Come faccio a sapere se nella notte si sia aggirato intorno al mio capanno un uomo, un cane o un asino?<\/em><\/strong><\/p>\n<p><strong><em>Risposta: Lo vedo dalle tracce nella sabbia.<\/em><\/strong><\/p>\n<p><strong><em>Dunque: anche nella mia vita ci sono tracce, tracce di Dio. <\/em><\/strong><\/p>\n<p><em>di Walter Ruf<\/em><\/p>\n<p><strong><em>\u00a0<\/em><\/strong><\/p>\n<p><strong>Care Lettrici e cari Lettori!<\/strong><\/p>\n<p>Ieri abbiamo celebrato con gioia un culto per congedarci dal precedente Consiglio di chiesa e dare il benvenuto al nuovo.<\/p>\n<p>Coloro che si sono impegnati, o si sono nuovamente candidati, non sono \u00abtracce di Dio\u00bb? Perch\u00e9 lo fanno, dedicando tempo, denaro, forza e immaginazione a questa comunit\u00e0 ecclesiale? Credo che a loro faccia piacere, apprezzano il lavoro svolto in questa sede e vogliono contribuire affinch\u00e9 prosegua nel migliore dei modi.<\/p>\n<p>Ma anche perch\u00e9 trovano giusto e importante il messaggio cristiano da cui partiamo e che vogliamo trasmettere.<\/p>\n<p>Forse perch\u00e9 si sentono \u00abchiamati\u00bb da Dio?<\/p>\n<p>Credo che ci\u00f2 appaia pi\u00f9 pio di quanto non sia.<\/p>\n<p>Forse, nella loro vita, hanno fatto pi\u00f9 di un\u2019esperienza di Dio. Avrebbero detto: \u00abS\u00ec, ha lasciato un segno anche nella mia vita.\u00bb Mi ha dato la forza di non disperare dopo la morte di una persona cara. Ho trovato del nuovo coraggio in una crisi. E la speranza che il nostro mondo vada avanti, nonostante la guerra e la crisi energetica.<\/p>\n<p>Dio agisce nelle nostre vite e lascia tracce. Si possono certamente interpretare in modo diverso, ma con gratitudine si pu\u00f2 anche dire: l\u00e0 Dio era all\u2019opera. A tutti noi auguro questa fede! <strong>La Vostra Magdalena Tiebel-Gerdes<\/strong><\/p>\n<p>&nbsp;<\/p>","protected":false},"excerpt":{"rendered":"<p>Tracce Il vecchio africano si chiamava Daniel. Credeva in Dio. Qualcuno voleva prenderlo in giro. Egli domand\u00f2: \u00abDaniel, come fai a sapere che c\u2019\u00e8 un Dio?\u00bb Daniel rispose: Come faccio a sapere se nella notte si sia aggirato intorno al mio capanno un uomo, un cane o un asino? Risposta: Lo vedo dalle tracce nella [&hellip;]<\/p>\n","protected":false},"author":2,"featured_media":0,"parent":97,"menu_order":0,"comment_status":"closed","ping_status":"closed","template":"","meta":{"footnotes":""},"class_list":["post-3448","page","type-page","status-publish","hentry"],"_links":{"self":[{"href":"https:\/\/chiesa.ispravarese.it\/it\/wp-json\/wp\/v2\/pages\/3448","targetHints":{"allow":["GET"]}}],"collection":[{"href":"https:\/\/chiesa.ispravarese.it\/it\/wp-json\/wp\/v2\/pages"}],"about":[{"href":"https:\/\/chiesa.ispravarese.it\/it\/wp-json\/wp\/v2\/types\/page"}],"author":[{"embeddable":true,"href":"https:\/\/chiesa.ispravarese.it\/it\/wp-json\/wp\/v2\/users\/2"}],"replies":[{"embeddable":true,"href":"https:\/\/chiesa.ispravarese.it\/it\/wp-json\/wp\/v2\/comments?post=3448"}],"version-history":[{"count":3,"href":"https:\/\/chiesa.ispravarese.it\/it\/wp-json\/wp\/v2\/pages\/3448\/revisions"}],"predecessor-version":[{"id":4454,"href":"https:\/\/chiesa.ispravarese.it\/it\/wp-json\/wp\/v2\/pages\/3448\/revisions\/4454"}],"up":[{"embeddable":true,"href":"https:\/\/chiesa.ispravarese.it\/it\/wp-json\/wp\/v2\/pages\/97"}],"wp:attachment":[{"href":"https:\/\/chiesa.ispravarese.it\/it\/wp-json\/wp\/v2\/media?parent=3448"}],"curies":[{"name":"wp","href":"https:\/\/api.w.org\/{rel}","templated":true}]}}