{"id":3337,"date":"2022-06-03T17:38:07","date_gmt":"2022-06-03T15:38:07","guid":{"rendered":"https:\/\/chiesa.ispravarese.it\/?page_id=3337"},"modified":"2025-09-07T08:51:16","modified_gmt":"2025-09-07T06:51:16","slug":"andacht-04-2022","status":"publish","type":"page","link":"https:\/\/chiesa.ispravarese.it\/it\/angedacht\/andacht-04-2022\/","title":{"rendered":"Riflessione 04\/2022"},"content":{"rendered":"<p><\/p>\n<p style=\"text-align: justify;\"><img loading=\"lazy\" decoding=\"async\" class=\"alignnone size-medium wp-image-3254\" src=\"https:\/\/chiesa.ispravarese.it\/wp-content\/uploads\/2022\/04\/20220331_152646-2-206x300.jpg\" alt=\"\" width=\"206\" height=\"300\" srcset=\"https:\/\/chiesa.ispravarese.it\/wp-content\/uploads\/2022\/04\/20220331_152646-2-206x300.jpg 206w, https:\/\/chiesa.ispravarese.it\/wp-content\/uploads\/2022\/04\/20220331_152646-2-702x1024.jpg 702w, https:\/\/chiesa.ispravarese.it\/wp-content\/uploads\/2022\/04\/20220331_152646-2-768x1120.jpg 768w, https:\/\/chiesa.ispravarese.it\/wp-content\/uploads\/2022\/04\/20220331_152646-2-1053x1536.jpg 1053w, https:\/\/chiesa.ispravarese.it\/wp-content\/uploads\/2022\/04\/20220331_152646-2-1404x2048.jpg 1404w, https:\/\/chiesa.ispravarese.it\/wp-content\/uploads\/2022\/04\/20220331_152646-2.jpg 1706w\" sizes=\"auto, (max-width: 206px) 100vw, 206px\" \/><\/p>\n<p>positivo \/ negativo<\/p>\n<table>\n<tbody>\n<tr>\n<td width=\"302\">L\u2019inversione delle condizioni<\/p>\n<p>O anche: il negativo diventa positivo. Quando noi pi\u00f9 avanti con l\u2019et\u00e0 portavamo le nostre pellicole al negozio specializzato per farle sviluppare, dopo qualche giorno andavamo a ritirare una busta in cui, oltre alle foto sviluppate, c&#8217;erano anche alcune strisce pi\u00f9 piccole che rappresentavano l&#8217;esatto contrario. Ci\u00f2 che era luminoso sulle foto, era scuro sui negativi, e ci\u00f2 che sembrava scuro sulle foto, sembrava essere luminoso sulle strisce di pellicola. Insomma, un mondo alla rovescia.<\/p>\n<p>All&#8217;ultimo culto della famiglia, i bambini hanno rappresentato quello che si vede sul frontespizio: sopra uno strato di terra \u00e8 stato messo un cartellone verde con un intaglio e cos\u00ec ora si pu\u00f2 vedere una croce nera in mezzo al verde. Poi i bambini hanno messo dei semi di crescione nell\u2019intaglio e innaffiato con acqua. Se tutto va bene, tra qualche giorno vedremo esattamente il contrario. Quello che ora \u00e8 nero diventer\u00e0 verde e al posto del cartellone, la terra nera circonder\u00e0 la croce. L\u2019inversione delle condizioni, il negativo diventa positivo.<\/p>\n<p>\u00c8 pi\u00f9 facile spiegare cos\u00ec cosa celebriamo noi cristiani a Pasqua? Non credo. La resurrezione dei morti, la vittoria della vita sulla morte, l&#8217;inizio dopo la fine e qualsiasi parola usiamo, non sono all&#8217;altezza di questo linguaggio delle immagini. Ci mostrano semplicemente come le cose vengono al contrario capovolte, la questione viene messa a testa in gi\u00f9. Colui che era morto, \u00e8 stato riportato in vita da Dio, ci\u00f2 che sembrava perduto, si rivela essere un guadagno per molti. Ges\u00f9 \u00e8 risorto, \u00e8 veramente risorto.<\/p>\n<p>Alleluia!<\/p>\n<p><em>Pastore Carsten Gerdes<\/em><\/td>\n<\/tr>\n<\/tbody>\n<\/table>\n<p><\/p>","protected":false},"excerpt":{"rendered":"<p>positivo \/ negativo L\u2019inversione delle condizioni O anche: il negativo diventa positivo. Quando noi pi\u00f9 avanti con l\u2019et\u00e0 portavamo le nostre pellicole al negozio specializzato per farle sviluppare, dopo qualche giorno andavamo a ritirare una busta in cui, oltre alle foto sviluppate, c&#8217;erano anche alcune strisce pi\u00f9 piccole che rappresentavano l&#8217;esatto contrario. Ci\u00f2 che era [&hellip;]<\/p>\n","protected":false},"author":2,"featured_media":0,"parent":97,"menu_order":0,"comment_status":"closed","ping_status":"closed","template":"","meta":{"footnotes":""},"class_list":["post-3337","page","type-page","status-publish","hentry"],"_links":{"self":[{"href":"https:\/\/chiesa.ispravarese.it\/it\/wp-json\/wp\/v2\/pages\/3337","targetHints":{"allow":["GET"]}}],"collection":[{"href":"https:\/\/chiesa.ispravarese.it\/it\/wp-json\/wp\/v2\/pages"}],"about":[{"href":"https:\/\/chiesa.ispravarese.it\/it\/wp-json\/wp\/v2\/types\/page"}],"author":[{"embeddable":true,"href":"https:\/\/chiesa.ispravarese.it\/it\/wp-json\/wp\/v2\/users\/2"}],"replies":[{"embeddable":true,"href":"https:\/\/chiesa.ispravarese.it\/it\/wp-json\/wp\/v2\/comments?post=3337"}],"version-history":[{"count":3,"href":"https:\/\/chiesa.ispravarese.it\/it\/wp-json\/wp\/v2\/pages\/3337\/revisions"}],"predecessor-version":[{"id":4452,"href":"https:\/\/chiesa.ispravarese.it\/it\/wp-json\/wp\/v2\/pages\/3337\/revisions\/4452"}],"up":[{"embeddable":true,"href":"https:\/\/chiesa.ispravarese.it\/it\/wp-json\/wp\/v2\/pages\/97"}],"wp:attachment":[{"href":"https:\/\/chiesa.ispravarese.it\/it\/wp-json\/wp\/v2\/media?parent=3337"}],"curies":[{"name":"wp","href":"https:\/\/api.w.org\/{rel}","templated":true}]}}