{"id":18,"date":"2016-05-15T19:01:41","date_gmt":"2016-05-15T17:01:41","guid":{"rendered":"http:\/\/chiesa.ispravarese.it\/?page_id=18"},"modified":"2024-10-20T15:25:38","modified_gmt":"2024-10-20T13:25:38","slug":"die-gemeinde","status":"publish","type":"page","link":"https:\/\/chiesa.ispravarese.it\/it\/die-gemeinde\/","title":{"rendered":"La nostra comunit\u00e0"},"content":{"rendered":"<p><\/p>\n<h3><img loading=\"lazy\" decoding=\"async\" class=\"wp-image-781 size-medium\" src=\"https:\/\/chiesa.ispravarese.it\/wp-content\/uploads\/2017\/11\/2017_St_Martinsfest-111-300x200.jpg\" alt=\"\" width=\"300\" height=\"200\" align=\"left\" hspace=\"10\" srcset=\"https:\/\/chiesa.ispravarese.it\/wp-content\/uploads\/2017\/11\/2017_St_Martinsfest-111-300x200.jpg 300w, https:\/\/chiesa.ispravarese.it\/wp-content\/uploads\/2017\/11\/2017_St_Martinsfest-111-768x512.jpg 768w, https:\/\/chiesa.ispravarese.it\/wp-content\/uploads\/2017\/11\/2017_St_Martinsfest-111.jpg 800w\" sizes=\"auto, (max-width: 300px) 100vw, 300px\" \/>Nella nostra Comunit\u00e0<\/h3>\n<p style=\"text-align: justify;\">si sono riuniti Cristiani Evangelici di differenti nazionalit\u00e0, lingue e confessioni, con lo scopo che tra loro e tramite loro si annunci il Vangelo di Ges\u00f9 Cristo, quale viene testimoniato nelle Sacre Scritture dell&#8217;Antico e del Nuovo Testamento&#8230; come dichiarato nell&#8217;atto della costituzione della nostra Comunit\u00e0. Ed \u00e8 per questo che ci chiamiamo ecumenici rispettando la diversit\u00e0 della provenienza e della confessione dei nostri membri. Nell&#8217;insieme rispettando le singole libert\u00e0 di scelta ci impegniamo per la comunit\u00e0 e la reciproca comprensione.<\/p>\n<h3>Esistiamo come gruppo<\/h3>\n<p style=\"text-align: justify;\">sin dagli inizi degli anni sessanta. L&#8217;iniziava della creazione di una comunit\u00e0 \u00e8 stata presa da diversi membri di nazionalit\u00e0 tedesca, olandese e francese del CCR di Ispra e della Scuola Europea di Varese allo scopo di celebrare culti ed insegnare la religione evangelica protestante.<br \/>\nGi\u00e0 dal 1960 si celebravano culti con pastori provenienti dalla Germania e dai Paesi Bassi in case private e con la gentile collaborazione della Chiesa Battista di Varese e Caravate.<br \/>\nGrazie ai finanziamenti messi a disposizione dalla Unione delle Chiese Tedesche Luterane Evangeliche \u00e8 stato possibile acquistare il terreno per la costruzione della nostra chiesa a Caldana, eretta nel 1966 e della casa del pastore nel 1973.<\/p>\n<h3>I pastori<\/h3>\n<p style=\"text-align: justify;\">In tempi di andamento economico favorevole avevamo contemporaneamente due pastori provenienti dalla Germania e dai Paesi Bassi. Da settembre 2018 ci sono <a href=\"https:\/\/chiesa.ispravarese.it\/kontaktinformationen\/\">Magdalena Tiebel-Gerdes e Carsten Gerdes<\/a> per un periodo di 6 anni. Provengono dalla Evangelische Kirche in Deutschland (EKD) \/ Chiesa Evangelica Tedesca. Oltre alla cura pastorale della nostra Comunit\u00e0 hanno il compito di insegnante di religione evangelica protestante alla Scuola Europea di Varese.<\/p>\n<h3>Il Consiglio della Comunit\u00e0<\/h3>\n<p style=\"text-align: justify;\">ha una doppia funzione. Da un lato gestisce la parte legale della nostra Comunit\u00e0, riconoscuta dallo Stato Italiano come ente ecclesiastico, come evince dallo <a href=\"https:\/\/chiesa.ispravarese.it\/wp-content\/uploads\/2024\/10\/CEEIV_Statuto_Versione_accordata_2016.pdf\">statuto<\/a>. Decide inoltre dell&#8217;uso dei mezzi economici che derivano dal sistema di tassazione italiano (otto per mille) a disposizione della Chiesa, che ci perviene tramite la CELI. Dall&#8217;altro porta avanti tutti gli argomenti in tema di fede.<\/p>\n<h3>Il finanziamento<\/h3>\n<p style=\"text-align: justify;\">della nostra comunit\u00e0 avviene da introiti della Scuola Europea, da contributi dei membri della nostra Comunit\u00e0 e da oblazioni. Dal 2000 riceviamo tramite la CELI soldi dal fondo OPM per progetti di lavoro sociale, evangelizzazione, missione e per musica e cultura. La CELI \u00e8 anche proprietaria del nostro terreno e degli edifici. Quest&#8217;anno la nostra comunit\u00e0 \u00e8 anche protagonista della <a href=\"https:\/\/www.chiesaluterana.it\/8-per-mille\/\">campagna OPM<\/a> della CELI.<\/p>\n<h3>CELI<\/h3>\n<p style=\"text-align: justify;\">Con la Chiesa Evangelica Luterana in Italia (<a href=\"https:\/\/chiesaluterana.it\" target=\"_blank\" rel=\"noopener noreferrer\">CELI<\/a>) eravamo in contatto amichevole sin dall&#8217;inizio e partecipavamo ai suoi convegni e sinodi.Dal sinodo della CELI nel 1999, anno del 50\u00b0 anniversario della sua fondazione, anche la nostra Comunit\u00e0 fa parte della CELI.<\/p>\n<h3>Contatti con altre Chiese<\/h3>\n<p style=\"text-align: justify;\">ed altre comunit\u00e0 sono importanti per noi. La nostra Comunit\u00e0 \u00e8 uno dei promotori della &#8220;Settimana di Preghiera&#8221; che si tiene in gennaio nella provincia di Varese assieme a cattolici, ortodossi, anglicani, battisti. Sin della met\u00e0 degli anni ottanta festeggiamo con i nostri vicini di casa di Caldana e dintorni la Giornata Mondiale di Preghiera .<br \/>\nOltre ai culti comuni con altre comunit\u00e0, ci impegniamo nel campo della diaconia e offriamo una serie di concerti nella nostra chiesa nonch\u00e9 in altre chiese cattoliche (p.e. S. Vittore, Varese, S. Stefano, Velate o Besozzo). Fino a 1999 avevamo un rappresentante nella &#8220;Federazione delle Chiese Evangeliche in Italia&#8221; (FCEI), di cui siamo stati anche membro costituente. Da quando facciamo parte della CELI siamo presenti nella FCEI tramite i\u00a0 rappresentanti della CELI.<\/p>\n<h3>Membri<\/h3>\n<p style=\"text-align: justify;\">Nella nostra comunit\u00e0 potranno essere amessi tutti i cristiani di diversa confessione, che siano stati membri di una Chiesa Evangelica, la quale faccia parte del Consiglio Ecumenico; giovani ed adulti che siano battezzati nella Comunit\u00e0.<\/p>\n<h3>Siete benvenuti<\/h3>\n<p style=\"text-align: justify;\">Anche come non iscritti, perch\u00e9 siamo consci del fatto che volete prima dare uno sguardo intorno, senza impegno.<\/p>\n<p><a href=\"https:\/\/chiesa.ispravarese.it\/termine\/\">I culti nella nostra chiesa si celebrano con inizio alle ore 10:30.<\/a><\/p>\n<h3>Sostituzione in caso di assenze dei Pastori<\/h3>\n<p style=\"text-align: justify;\">Anche i nostri pastori ogni tanto vanno in ferie oppure sono assenti per alcuni giorni dovuto agli incarichi per la CELI. Per la cura delle anime in casi urgenti, c&#8217;\u00e8 sempre a disposizione dei nostri membri uno sostituto che viene organizzato per la specifica assenza. In caso di bisogno, non esitate a rivolgervi a qualcuno del consiglio che vi mettera in contatto con la persona incaricata.<\/p>\n<p><\/p>","protected":false},"excerpt":{"rendered":"<p>Nella nostra Comunit\u00e0 si sono riuniti Cristiani Evangelici di differenti nazionalit\u00e0, lingue e confessioni, con lo scopo che tra loro e tramite loro si annunci il Vangelo di Ges\u00f9 Cristo, quale viene testimoniato nelle Sacre Scritture dell&#8217;Antico e del Nuovo Testamento&#8230; come dichiarato nell&#8217;atto della costituzione della nostra Comunit\u00e0. Ed \u00e8 per questo che ci [&hellip;]<\/p>\n","protected":false},"author":1,"featured_media":0,"parent":0,"menu_order":0,"comment_status":"closed","ping_status":"closed","template":"","meta":{"footnotes":""},"class_list":["post-18","page","type-page","status-publish","hentry"],"_links":{"self":[{"href":"https:\/\/chiesa.ispravarese.it\/it\/wp-json\/wp\/v2\/pages\/18","targetHints":{"allow":["GET"]}}],"collection":[{"href":"https:\/\/chiesa.ispravarese.it\/it\/wp-json\/wp\/v2\/pages"}],"about":[{"href":"https:\/\/chiesa.ispravarese.it\/it\/wp-json\/wp\/v2\/types\/page"}],"author":[{"embeddable":true,"href":"https:\/\/chiesa.ispravarese.it\/it\/wp-json\/wp\/v2\/users\/1"}],"replies":[{"embeddable":true,"href":"https:\/\/chiesa.ispravarese.it\/it\/wp-json\/wp\/v2\/comments?post=18"}],"version-history":[{"count":3,"href":"https:\/\/chiesa.ispravarese.it\/it\/wp-json\/wp\/v2\/pages\/18\/revisions"}],"predecessor-version":[{"id":4163,"href":"https:\/\/chiesa.ispravarese.it\/it\/wp-json\/wp\/v2\/pages\/18\/revisions\/4163"}],"wp:attachment":[{"href":"https:\/\/chiesa.ispravarese.it\/it\/wp-json\/wp\/v2\/media?parent=18"}],"curies":[{"name":"wp","href":"https:\/\/api.w.org\/{rel}","templated":true}]}}