{"id":97,"date":"2016-06-06T12:34:38","date_gmt":"2016-06-06T10:34:38","guid":{"rendered":"http:\/\/chiesa.ispravarese.it\/?page_id=97"},"modified":"2025-10-21T21:47:35","modified_gmt":"2025-10-21T19:47:35","slug":"angedacht","status":"publish","type":"page","link":"https:\/\/chiesa.ispravarese.it\/de\/angedacht\/","title":{"rendered":"Angedacht"},"content":{"rendered":"<p><\/p>\n<h3>Goldener Herbst<\/h3>\n<p style=\"text-align: justify;\">Wie geht es Euch, liebere Leserin und lieber Leser: wir genie\u00dfen den Herbst, die Sonnenstrahlen am Nachmittag, \u00fcberraschende W\u00e4rme und das sich langsam f\u00e4rbende Laub. \u2026<br \/>\nUnd um uns herum steht die Welt in Flammen. Wie bekomme ich das zusammen? Wie bekommt Ihr das zusammen?<br \/>\nIch will das eine genie\u00dfen, aber das andere auch nicht ausblenden. Kann der Glaube mir dabei helfen? Erst einmal ist es wichtig, mir bewusst zu werden, wie wenig selbstverst\u00e4ndlich dieses Genie\u00dfen ist. Ich kann in der Sonne sitzen und sie auf meinem Gesicht sp\u00fcren, ich kann mich mit anderen in Frieden treffen, oder woanders hinfahren. Und ich bin dankbar daf\u00fcr!<br \/>\nDaneben muss ich aber auch aushalten, dass Krieg und Unheil ist, dass Menschen Menschen t\u00f6ten und Kinder hungern und sterben. Wir haben das alles sehr dicht um uns und sind doch hilflos.<br \/>\nWas hilft also? Ich denke an den Bibelvers aus dem Jeremiabuch: \u201eDenn ich wei\u00df wohl, was ich f\u00fcr Gedanken \u00fcber euch habe, spricht der HERR: Gedanken des Friedens und nicht des Leides, dass ich euch gebe Zukunft und Hoffnung.\u201c Ich halte stark daran fest, dass das Gottes Wille f\u00fcr unsere Welt ist. Ich kann ihn um seinen Beistand f\u00fcr alle Gequ\u00e4lten bitten und um den Frieden beten.<br \/>\nZukunft und Hoffnung \u2013 das kann mir neuen Mut geben f\u00fcr meinen Alltag, kann mir auch Kraft geben, mich den schlechten Nachrichten zu stellen und nicht darin zu versinken, dass wir ja eh nichts machen k\u00f6nnen.<br \/>\nDoch \u2013 um uns herum Hoffnung ausstrahlen und anderen liebevoll zu begegnen, denen beizustehen, die Hilfe brauchen \u2013 das ist schon eine gro\u00dfe Menge! Und nicht aufh\u00f6ren, sich am Sch\u00f6nen zu freuen!<br \/>\nEs gr\u00fc\u00dft Euch herzlich!<\/p>\n<p style=\"text-align: justify;\"><em>Eure Magdalena <\/em><\/p>\n<p style=\"text-align: justify;\">Hier finden Sie einige archivierte Andachten:<\/p>\n<p style=\"text-align: justify;\">[wpb_childpages]<\/p>\n<p><\/p>","protected":false},"excerpt":{"rendered":"<p>Goldener Herbst Wie geht es Euch, liebere Leserin und lieber Leser: wir genie\u00dfen den Herbst, die Sonnenstrahlen am Nachmittag, \u00fcberraschende W\u00e4rme und das sich langsam f\u00e4rbende Laub. \u2026 Und um uns herum steht die Welt in Flammen. Wie bekomme ich das zusammen? Wie bekommt Ihr das zusammen? Ich will das eine genie\u00dfen, aber das andere [&hellip;]<\/p>\n","protected":false},"author":1,"featured_media":0,"parent":0,"menu_order":0,"comment_status":"closed","ping_status":"closed","template":"child_index_page.php","meta":{"footnotes":""},"class_list":["post-97","page","type-page","status-publish","hentry"],"_links":{"self":[{"href":"https:\/\/chiesa.ispravarese.it\/de\/wp-json\/wp\/v2\/pages\/97","targetHints":{"allow":["GET"]}}],"collection":[{"href":"https:\/\/chiesa.ispravarese.it\/de\/wp-json\/wp\/v2\/pages"}],"about":[{"href":"https:\/\/chiesa.ispravarese.it\/de\/wp-json\/wp\/v2\/types\/page"}],"author":[{"embeddable":true,"href":"https:\/\/chiesa.ispravarese.it\/de\/wp-json\/wp\/v2\/users\/1"}],"replies":[{"embeddable":true,"href":"https:\/\/chiesa.ispravarese.it\/de\/wp-json\/wp\/v2\/comments?post=97"}],"version-history":[{"count":3,"href":"https:\/\/chiesa.ispravarese.it\/de\/wp-json\/wp\/v2\/pages\/97\/revisions"}],"predecessor-version":[{"id":4528,"href":"https:\/\/chiesa.ispravarese.it\/de\/wp-json\/wp\/v2\/pages\/97\/revisions\/4528"}],"wp:attachment":[{"href":"https:\/\/chiesa.ispravarese.it\/de\/wp-json\/wp\/v2\/media?parent=97"}],"curies":[{"name":"wp","href":"https:\/\/api.w.org\/{rel}","templated":true}]}}