{"id":941,"date":"2018-05-23T11:32:53","date_gmt":"2018-05-23T09:32:53","guid":{"rendered":"https:\/\/chiesa.ispravarese.it\/?page_id=941"},"modified":"2018-05-23T12:23:08","modified_gmt":"2018-05-23T10:23:08","slug":"privacy-policy","status":"publish","type":"page","link":"https:\/\/chiesa.ispravarese.it\/de\/privacy-policy\/","title":{"rendered":"Datenschutzerkl\u00e4rung"},"content":{"rendered":"<p><\/p>\n<h2>Wer wir sind<\/h2>\n<p>Wir, die Evangelisch-\u00d6kumenische Gemeinde Ispra-Varese, informieren Dich dar\u00fcber, wie wir als &#8222;Verantwortlicher&#8220; das Europ\u00e4ische Gesetz UE 2016\/679 umsetzen. Die Adresse unserer Website ist: https:\/\/chiesa.ispravarese.it.<\/p>\n<h2>Welche personenbezogenen Daten wir sammeln und warum wir sie sammeln<\/h2>\n<h3>Kontaktformulare<\/h3>\n<p>Die \u00fcber das Kontaktformular eingegangen Informationen (Name, Vorname, Emailadresse und alle von Dir freiwillig gegebenen Daten) werden gespeichert, aber nicht f\u00fcr Marketingzwecke benutzt.<\/p>\n<h3>Newsletter Abo<\/h3>\n<p>Die \u00fcber das Newsletterabo-Formular eingegangen Informationen (Name, Vorname, Emailadresse) werden gespeichert, aber nicht f\u00fcr Marketingzwecke benutzt, sondern Du erh\u00e4ltst in regelm\u00e4\u00dfigen Abst\u00e4nden Informationen zu den Aktivit\u00e4ten der Gemeinde.<\/p>\n<h3>Cookies<\/h3>\n<p>Cookies sind kleine Datenpakete (Zeichenketten), die von einer Internetseite verschickt und auf der Festplatte deines Computers gespeichert werden.<br \/>\nDie Seite nutzt ausschlie\u00dflich Cookies zu technischem Nutzen<br \/>\nDiese Cookies dienen dazu, auf dem Endger\u00e4t des Nutzers spezifische auf den Nutzer bezogene Informationen zu speichern w\u00e4hrend er die Website nutzt, um die Navigation zu erleichtern (z.B. Sprachwahl).<br \/>\nDie Seite nutzt Cookies von Drittanbietern (Google Maps).<\/p>\n<p>Die Datenschutzerkl\u00e4rung von Google findest Du auf <a href=\"https:\/\/policies.google.com\/privacy\/update?hl=DE\">https:\/\/policies.google.com\/privacy\/update<\/a><\/p>\n<h3>Eingebettete Inhalte von anderen Websites<\/h3>\n<p>Beitr\u00e4ge auf dieser Website k\u00f6nnen eingebettete Inhalte beinhalten (z.\u00a0B. Videos, Bilder, Beitr\u00e4ge etc.). Eingebettete Inhalte von anderen Websites verhalten sich exakt so, als ob der Besucher die andere Website besucht h\u00e4tte.<\/p>\n<p>Diese Websites k\u00f6nnen Daten \u00fcber dich sammeln, Cookies benutzen, zus\u00e4tzliche Tracking-Dienste von Dritten einbetten und deine Interaktion mit diesem eingebetteten Inhalt aufzeichnen, inklusive deiner Interaktion mit dem eingebetteten Inhalt, falls du ein Konto hast und auf dieser Website angemeldet bist.<\/p>\n<h3>Analysedienste<\/h3>\n<p>Der Webhost sammelt anonyme statistische Daten, die kein Tracking des einzelnen Besuchers erlauben.<\/p>\n<h2>Mit wem wir deine Daten teilen<\/h2>\n<p>Die \u00fcber das Kontakt- und \/ oder Newsletterabo-Formular eingegangen Informationen werden vom Verwaltungspersonal der Gemeinde benutzt, um Deine Bed\u00fcrfnisse bestm\u00f6glich zu erf\u00fcllen.<\/p>\n<h2>Wie lange wir deine Daten speichern<\/h2>\n<p>Die \u00fcber das Kontakt- und \/ oder Newsletterabo-Formular eingegangen Informationen werden auf unbestimmte Zeit gespeichert.<\/p>\n<h2>Welche Rechte du an deinen Daten hast<\/h2>\n<p>Du kannst die Aktualisierung, Ver\u00e4nderung, Auflistung und \/ oder die L\u00f6schung aller personenbezogenen Daten, die wir von dir gespeichert haben, anfordern. Dies umfasst nicht die Daten, die wir aufgrund administrativer, rechtlicher oder sicherheitsrelevanter Notwendigkeiten aufbewahren m\u00fcssen.<\/p>\n<h2>Wohin wir deine Daten senden<\/h2>\n<p>Die durch Kontakt- und Newsletterabo-Formulare gesendeten Daten k\u00f6nnten von einem automatisierten Dienst zur Spam-Erkennung untersucht werden.<\/p>\n<h2>Deine Kontakt-Informationen<\/h2>\n<p>Der Datenschutzbeauftragte (DPO) ist erreichbar durch das <a href=\"https:\/\/chiesa.ispravarese.it\/kontakt\/\">Kontaktformular<\/a> oder per Post an Comunit\u00e0 Evangelica Ecumenica di Ispra-Varese, Via IV Novembre 12, 21034 Cocquio-Trevisago (VA).<\/p>","protected":false},"excerpt":{"rendered":"<p>Wer wir sind Wir, die Evangelisch-\u00d6kumenische Gemeinde Ispra-Varese, informieren Dich dar\u00fcber, wie wir als &#8222;Verantwortlicher&#8220; das Europ\u00e4ische Gesetz UE 2016\/679 umsetzen. Die Adresse unserer Website ist: https:\/\/chiesa.ispravarese.it. Welche personenbezogenen Daten wir sammeln und warum wir sie sammeln Kontaktformulare Die \u00fcber das Kontaktformular eingegangen Informationen (Name, Vorname, Emailadresse und alle von Dir freiwillig gegebenen Daten) werden [&hellip;]<\/p>\n","protected":false},"author":1,"featured_media":0,"parent":0,"menu_order":0,"comment_status":"closed","ping_status":"closed","template":"","meta":{"footnotes":""},"class_list":["post-941","page","type-page","status-publish","hentry"],"_links":{"self":[{"href":"https:\/\/chiesa.ispravarese.it\/de\/wp-json\/wp\/v2\/pages\/941","targetHints":{"allow":["GET"]}}],"collection":[{"href":"https:\/\/chiesa.ispravarese.it\/de\/wp-json\/wp\/v2\/pages"}],"about":[{"href":"https:\/\/chiesa.ispravarese.it\/de\/wp-json\/wp\/v2\/types\/page"}],"author":[{"embeddable":true,"href":"https:\/\/chiesa.ispravarese.it\/de\/wp-json\/wp\/v2\/users\/1"}],"replies":[{"embeddable":true,"href":"https:\/\/chiesa.ispravarese.it\/de\/wp-json\/wp\/v2\/comments?post=941"}],"version-history":[{"count":3,"href":"https:\/\/chiesa.ispravarese.it\/de\/wp-json\/wp\/v2\/pages\/941\/revisions"}],"predecessor-version":[{"id":969,"href":"https:\/\/chiesa.ispravarese.it\/de\/wp-json\/wp\/v2\/pages\/941\/revisions\/969"}],"wp:attachment":[{"href":"https:\/\/chiesa.ispravarese.it\/de\/wp-json\/wp\/v2\/media?parent=941"}],"curies":[{"name":"wp","href":"https:\/\/api.w.org\/{rel}","templated":true}]}}