{"id":4441,"date":"2025-09-07T08:43:23","date_gmt":"2025-09-07T06:43:23","guid":{"rendered":"https:\/\/chiesa.ispravarese.it\/?page_id=4441"},"modified":"2025-09-07T08:46:28","modified_gmt":"2025-09-07T06:46:28","slug":"angedacht-04-2025","status":"publish","type":"page","link":"https:\/\/chiesa.ispravarese.it\/de\/angedacht\/angedacht-04-2025\/","title":{"rendered":"Angedacht 04\/2025"},"content":{"rendered":"<p>&nbsp;<\/p>\n<p><img loading=\"lazy\" decoding=\"async\" class=\"alignnone size-medium wp-image-4274\" src=\"https:\/\/chiesa.ispravarese.it\/wp-content\/uploads\/2025\/03\/Screenshot-2025-03-30-140642-300x272.png\" alt=\"\" width=\"300\" height=\"272\" srcset=\"https:\/\/chiesa.ispravarese.it\/wp-content\/uploads\/2025\/03\/Screenshot-2025-03-30-140642-300x272.png 300w, https:\/\/chiesa.ispravarese.it\/wp-content\/uploads\/2025\/03\/Screenshot-2025-03-30-140642-1024x930.png 1024w, https:\/\/chiesa.ispravarese.it\/wp-content\/uploads\/2025\/03\/Screenshot-2025-03-30-140642-768x697.png 768w, https:\/\/chiesa.ispravarese.it\/wp-content\/uploads\/2025\/03\/Screenshot-2025-03-30-140642.png 1379w\" sizes=\"auto, (max-width: 300px) 100vw, 300px\" \/><\/p>\n<p><strong>\u201eWer Ostern kennt, kann nicht verzweifeln.\u201c <\/strong><\/p>\n<p style=\"text-align: justify;\">\u00dcber diesen Satz des Theologen Dietrich Bonhoeffer bin ich neulich gestolpert. Wobei kann man eigentlich \u00fcber S\u00e4tze stolpern? Ja, ich denke schon. Denn Stolpern bedeutet ja, dass man durch etwas aus dem Gleichgewicht gebracht wird. Die bisherige Bewegung, an die man sich gew\u00f6hnt hatte, wird pl\u00f6tzlich gest\u00f6rt und nun versucht der K\u00f6rper, mehr instinktiv darauf zu reagieren, um nicht zu fallen. Auch wer gar nicht unterwegs war, sondern die Beine hochlegte und auf dem Sofa ausruhte, kann aus dieser Haltung gebracht werden, quasi stolpern.<br \/>\nAuf jeden Fall bin ich in den letzten Wochen ganz gewaltig ins Zweifeln gekommen, wenn nicht sogar an manchem verzweifelt. Was f\u00fcr Gewissheiten gingen da den Bach herunter: die Verl\u00e4sslichkeit der amerikanischeurop\u00e4ischen Freundschaft, das Sicherheitsgef\u00fchl, dass unsere Bundeswehr schon verteidigungsf\u00e4hig ist, das Vertrauen in die St\u00e4rke und Widerstandskraft der Demokratie. Und w\u00e4hrend ich noch versuche, an diesen neuen Wirklichkeiten mich auszurichten, stolpere ich \u00fcber diesen Satz Bonhoeffers. <em>Wer Ostern kennt, kann nicht verzweifeln.<\/em><br \/>\nDas bedeutet doch: Was immer auch geschehen mag, was immer uns verzweifeln l\u00e4sst, es gibt etwas, das st\u00e4rker ist, dass uns Halt gibt, dass Hoffnung macht. Gott hat mit der Auferstehung Jesu von den Toten, einen Stein, ein Fundament gelegt, dass uns in guter Weise zum Stolpern bringen will. Hier k\u00f6nnen wir die Zuversicht und den Halt wiederfinden, der uns verloren ging.<br \/>\nStatt Unsicherheit k\u00f6nnen wir die Zuversicht und den Halt wiederfinden, der uns verloren ging. Ostern erinnert uns, dass es Auswege aus den dunklen Kammern von Einsamkeit und Depression gibt, dass das Licht und die W\u00e4rme des beginnenden Fr\u00fchlings die Dunkelheit hinwegwischen werden, dass das Lachen die Trauer und der Mut die Angst besiegt. In diesem Sinne frohe Ostern!<br \/>\n<em>Carsten Gerdes<\/em><\/p>\n<p><\/p>","protected":false},"excerpt":{"rendered":"<p>&nbsp; \u201eWer Ostern kennt, kann nicht verzweifeln.\u201c \u00dcber diesen Satz des Theologen Dietrich Bonhoeffer bin ich neulich gestolpert. Wobei kann man eigentlich \u00fcber S\u00e4tze stolpern? Ja, ich denke schon. Denn Stolpern bedeutet ja, dass man durch etwas aus dem Gleichgewicht gebracht wird. Die bisherige Bewegung, an die man sich gew\u00f6hnt hatte, wird pl\u00f6tzlich gest\u00f6rt und [&hellip;]<\/p>\n","protected":false},"author":8,"featured_media":0,"parent":97,"menu_order":0,"comment_status":"closed","ping_status":"closed","template":"","meta":{"footnotes":""},"class_list":["post-4441","page","type-page","status-publish","hentry"],"_links":{"self":[{"href":"https:\/\/chiesa.ispravarese.it\/de\/wp-json\/wp\/v2\/pages\/4441","targetHints":{"allow":["GET"]}}],"collection":[{"href":"https:\/\/chiesa.ispravarese.it\/de\/wp-json\/wp\/v2\/pages"}],"about":[{"href":"https:\/\/chiesa.ispravarese.it\/de\/wp-json\/wp\/v2\/types\/page"}],"author":[{"embeddable":true,"href":"https:\/\/chiesa.ispravarese.it\/de\/wp-json\/wp\/v2\/users\/8"}],"replies":[{"embeddable":true,"href":"https:\/\/chiesa.ispravarese.it\/de\/wp-json\/wp\/v2\/comments?post=4441"}],"version-history":[{"count":3,"href":"https:\/\/chiesa.ispravarese.it\/de\/wp-json\/wp\/v2\/pages\/4441\/revisions"}],"predecessor-version":[{"id":4445,"href":"https:\/\/chiesa.ispravarese.it\/de\/wp-json\/wp\/v2\/pages\/4441\/revisions\/4445"}],"up":[{"embeddable":true,"href":"https:\/\/chiesa.ispravarese.it\/de\/wp-json\/wp\/v2\/pages\/97"}],"wp:attachment":[{"href":"https:\/\/chiesa.ispravarese.it\/de\/wp-json\/wp\/v2\/media?parent=4441"}],"curies":[{"name":"wp","href":"https:\/\/api.w.org\/{rel}","templated":true}]}}