{"id":4310,"date":"2025-05-09T19:23:28","date_gmt":"2025-05-09T17:23:28","guid":{"rendered":"https:\/\/chiesa.ispravarese.it\/?page_id=4310"},"modified":"2025-05-09T19:24:17","modified_gmt":"2025-05-09T17:24:17","slug":"italiano-appuntamenti-04-2025","status":"publish","type":"page","link":"https:\/\/chiesa.ispravarese.it\/de\/termine\/italiano-appuntamenti-04-2025\/","title":{"rendered":"Termine 04\/2025"},"content":{"rendered":"<p><\/p>\n<h3>Gottesdienste und Veranstaltungen April<\/h3>\n<p><strong>Sa. 05.04.2025 10.00 Uhr &#8211; 16.00 Uhr<\/strong><br \/>\n<span style=\"color: #ff0000;\"><span style=\"color: #000000;\">Klausur Kirchengemeinderat<\/span><\/span><strong><span style=\"color: #ff0000;\"><br \/>\n<\/span><\/strong><\/p>\n<p><strong>So. 06.04.2025 10.30 Uhr<\/strong><br \/>\nFamiliengottesdienst<\/p>\n<p><strong>Mi. 09.04.2024 10.00 Uhr<\/strong><br \/>\nStudienkreis<\/p>\n<p><strong>So. 13.04.2025 10.30 Uhr<\/strong><br \/>\nGottesdienst<\/p>\n<p><strong>Do. 17.04.2025 19.00 Uhr<\/strong><br \/>\nGr\u00fcndonnerstag Tischabendmahl und Abendessen im Anschluss<\/p>\n<p><strong>So. 20.04.2025 09.00 Uhr<\/strong><br \/>\nOstergottesdienst mit anschlie\u00dfendem Fr\u00fchst\u00fcck und Eiersuche<\/p>\n<p><strong>So. 27.04.2025 10.00 Uhr<\/strong><br \/>\n\u00dcbertragung des Gottesdienstes der ELKI-Synode in Rom<\/p>\n<h3>Gottesdienste und Veranstaltungen Mai<\/h3>\n<p><strong>So. 04.05.2025 10.30 Uhr<\/strong><br \/>\n<span style=\"color: #000000;\">Gottesdienst<\/span><\/p>\n<p><strong>Do. 08.05.2024 20.00 Uhr<\/strong><br \/>\nCaldanerinnen<\/p>\n<p><strong>Sa. 10.05.2025 10.00 Uhr<\/strong><br \/>\nWaldkinder<\/p>\n<p><strong>So. 11.05.2025 10.30 Uhr<\/strong><br \/>\n<a href=\"https:\/\/chiesa.ispravarese.it\/wp-content\/uploads\/2025\/05\/Flyer-Draussen-Gottesdienst-11.5.25.pdf\">Gottesdienst open-air<\/a> auf unserem Gel\u00e4nde, anschlie\u00dfend angrillen<\/p>\n<p><strong>So. 18.05.2025 10.30 Uhr<\/strong><br \/>\nGottesdienst mit Abschlussexamen der Pr\u00e4dikanten der ELKI<\/p>\n<p><strong>Mi. 21.05.2025 10.00 Uhr<\/strong><br \/>\nStudienkreis<\/p>\n<p><strong>Do. 22.05.2025 20.00 Uhr<\/strong><br \/>\n<a href=\"https:\/\/chiesa.ispravarese.it\/wp-content\/uploads\/2025\/05\/Klavierkonzert.pdf\">Klavierkonzert<\/a><\/p>\n<p><strong>So. 25.05.2025 10.30 Uhr<\/strong><br \/>\nGottesdienst<\/p>","protected":false},"excerpt":{"rendered":"<p>Gottesdienste und Veranstaltungen April Sa. 05.04.2025 10.00 Uhr &#8211; 16.00 Uhr Klausur Kirchengemeinderat So. 06.04.2025 10.30 Uhr Familiengottesdienst Mi. 09.04.2024 10.00 Uhr Studienkreis So. 13.04.2025 10.30 Uhr Gottesdienst Do. 17.04.2025 19.00 Uhr Gr\u00fcndonnerstag Tischabendmahl und Abendessen im Anschluss So. 20.04.2025 09.00 Uhr Ostergottesdienst mit anschlie\u00dfendem Fr\u00fchst\u00fcck und Eiersuche So. 27.04.2025 10.00 Uhr \u00dcbertragung des Gottesdienstes [&hellip;]<\/p>\n","protected":false},"author":8,"featured_media":0,"parent":110,"menu_order":0,"comment_status":"closed","ping_status":"closed","template":"","meta":{"footnotes":""},"class_list":["post-4310","page","type-page","status-publish","hentry"],"_links":{"self":[{"href":"https:\/\/chiesa.ispravarese.it\/de\/wp-json\/wp\/v2\/pages\/4310","targetHints":{"allow":["GET"]}}],"collection":[{"href":"https:\/\/chiesa.ispravarese.it\/de\/wp-json\/wp\/v2\/pages"}],"about":[{"href":"https:\/\/chiesa.ispravarese.it\/de\/wp-json\/wp\/v2\/types\/page"}],"author":[{"embeddable":true,"href":"https:\/\/chiesa.ispravarese.it\/de\/wp-json\/wp\/v2\/users\/8"}],"replies":[{"embeddable":true,"href":"https:\/\/chiesa.ispravarese.it\/de\/wp-json\/wp\/v2\/comments?post=4310"}],"version-history":[{"count":3,"href":"https:\/\/chiesa.ispravarese.it\/de\/wp-json\/wp\/v2\/pages\/4310\/revisions"}],"predecessor-version":[{"id":4313,"href":"https:\/\/chiesa.ispravarese.it\/de\/wp-json\/wp\/v2\/pages\/4310\/revisions\/4313"}],"up":[{"embeddable":true,"href":"https:\/\/chiesa.ispravarese.it\/de\/wp-json\/wp\/v2\/pages\/110"}],"wp:attachment":[{"href":"https:\/\/chiesa.ispravarese.it\/de\/wp-json\/wp\/v2\/media?parent=4310"}],"curies":[{"name":"wp","href":"https:\/\/api.w.org\/{rel}","templated":true}]}}