{"id":4268,"date":"2025-03-30T14:03:35","date_gmt":"2025-03-30T12:03:35","guid":{"rendered":"https:\/\/chiesa.ispravarese.it\/?page_id=4268"},"modified":"2025-09-07T08:53:09","modified_gmt":"2025-09-07T06:53:09","slug":"andacht-09-2024","status":"publish","type":"page","link":"https:\/\/chiesa.ispravarese.it\/de\/angedacht\/andacht-09-2024\/","title":{"rendered":"Angedacht 09\/2024"},"content":{"rendered":"<p><img loading=\"lazy\" decoding=\"async\" class=\"alignnone size-medium wp-image-4091\" src=\"https:\/\/chiesa.ispravarese.it\/wp-content\/uploads\/2024\/09\/IMG20240826172826-300x225.jpg\" alt=\"\" width=\"300\" height=\"225\" srcset=\"https:\/\/chiesa.ispravarese.it\/wp-content\/uploads\/2024\/09\/IMG20240826172826-300x225.jpg 300w, https:\/\/chiesa.ispravarese.it\/wp-content\/uploads\/2024\/09\/IMG20240826172826-1024x768.jpg 1024w, https:\/\/chiesa.ispravarese.it\/wp-content\/uploads\/2024\/09\/IMG20240826172826-768x576.jpg 768w, https:\/\/chiesa.ispravarese.it\/wp-content\/uploads\/2024\/09\/IMG20240826172826-1536x1152.jpg 1536w, https:\/\/chiesa.ispravarese.it\/wp-content\/uploads\/2024\/09\/IMG20240826172826-2048x1536.jpg 2048w\" sizes=\"auto, (max-width: 300px) 100vw, 300px\" \/><\/p>\n<p>Was fehlt, liebe Gemeinde?<\/p>\n<p>Die Frage k\u00f6nnen wir oft leicht beantworten. Sei es ein paar Platten am Geb\u00e4ude, sei es, wenn wir auf unser Leben schauen. Die Antwort auf diese Frage f\u00e4llt uns meist leicht. Und manchmal wird aus den schnellen ersten Stichworten auch eine lange Liste all dessen, was gerade oder schon lange nicht mehr da ist. Wenn meine Beobachtung stimmt, brauche ich hier an dieser Stelle keine Beispiele nennen. Stattdessen mache ich einen anderen Vorschlag. Statt zu fragen: Was fehlt? Fragen Sie sich doch einmal: Was ist da? Was habe ich alles?<\/p>\n<p>Wenn ich mir Zeit nehme f\u00fcr diese Frage, stelle ich bald fest: Viel! Die Liste der Dinge, Menschen, Erlebnisse, Erfahrungen, die ich aufz\u00e4hlen kann, ist bei weitem l\u00e4nger als die andere. Nur mache ich sie mir leider viel seltener bewusst. Und wir leben ja von den Ergebnissen her, unsere Zufriedenheit oder Unzufriedenheit speist sich aus ihnen. Wenn wir tats\u00e4chlich fast immer nur die erste Frage stellen und beantworten, geht uns viel verloren und die Unzufriedenheit wird ein Teil von uns selbst.\u00a0 Es geht dabei nicht, um das Aufsetzen einer rosaroten Brille, die die Wirklichkeit verkl\u00e4ren w\u00fcrde, sondern vielmehr um das Absetzen unserer meist graugetr\u00fcbten, um die Wahrheit zu sehen.<\/p>\n<p>Liebe Gemeinde, wer sich nun so mit diesen beiden Fragen besch\u00e4ftigt, kommt eigentlich auch nicht um die darauf folgende herum: Wem habe ich all das, was mir geschenkt ist, im Grunde zu verdanken?<\/p>\n<p>In Psalm 104 lese ich: \u201eHerr, wie sind deine Werke so gro\u00df und viel! Du hast sie alle weise geordnet, und die Erde ist voll deiner G\u00fcter.\u201c<\/p>\n<p>Einen guten Start ins 2. Halbjahr w\u00fcnsch ich Ihnen! <i>Carsten Gerdes, Pastor<\/i><\/p>","protected":false},"excerpt":{"rendered":"<p>Was fehlt, liebe Gemeinde? Die Frage k\u00f6nnen wir oft leicht beantworten. Sei es ein paar Platten am Geb\u00e4ude, sei es, wenn wir auf unser Leben schauen. Die Antwort auf diese Frage f\u00e4llt uns meist leicht. Und manchmal wird aus den schnellen ersten Stichworten auch eine lange Liste all dessen, was gerade oder schon lange nicht [&hellip;]<\/p>\n","protected":false},"author":8,"featured_media":0,"parent":97,"menu_order":0,"comment_status":"closed","ping_status":"closed","template":"","meta":{"footnotes":""},"class_list":["post-4268","page","type-page","status-publish","hentry"],"_links":{"self":[{"href":"https:\/\/chiesa.ispravarese.it\/de\/wp-json\/wp\/v2\/pages\/4268","targetHints":{"allow":["GET"]}}],"collection":[{"href":"https:\/\/chiesa.ispravarese.it\/de\/wp-json\/wp\/v2\/pages"}],"about":[{"href":"https:\/\/chiesa.ispravarese.it\/de\/wp-json\/wp\/v2\/types\/page"}],"author":[{"embeddable":true,"href":"https:\/\/chiesa.ispravarese.it\/de\/wp-json\/wp\/v2\/users\/8"}],"replies":[{"embeddable":true,"href":"https:\/\/chiesa.ispravarese.it\/de\/wp-json\/wp\/v2\/comments?post=4268"}],"version-history":[{"count":3,"href":"https:\/\/chiesa.ispravarese.it\/de\/wp-json\/wp\/v2\/pages\/4268\/revisions"}],"predecessor-version":[{"id":4456,"href":"https:\/\/chiesa.ispravarese.it\/de\/wp-json\/wp\/v2\/pages\/4268\/revisions\/4456"}],"up":[{"embeddable":true,"href":"https:\/\/chiesa.ispravarese.it\/de\/wp-json\/wp\/v2\/pages\/97"}],"wp:attachment":[{"href":"https:\/\/chiesa.ispravarese.it\/de\/wp-json\/wp\/v2\/media?parent=4268"}],"curies":[{"name":"wp","href":"https:\/\/api.w.org\/{rel}","templated":true}]}}