{"id":4049,"date":"2024-09-03T19:23:27","date_gmt":"2024-09-03T17:23:27","guid":{"rendered":"https:\/\/chiesa.ispravarese.it\/?page_id=4049"},"modified":"2025-09-07T08:51:32","modified_gmt":"2025-09-07T06:51:32","slug":"andacht-05-2024","status":"publish","type":"page","link":"https:\/\/chiesa.ispravarese.it\/de\/angedacht\/andacht-05-2024\/","title":{"rendered":"Angedacht 05\/2024"},"content":{"rendered":"<p><b>Gott, Vater, Sohn und heiliger Geist,<br \/>\n<\/b><b>gebe dir seine Gnade.<br \/>\n<\/b><b>Schutz und Schirm vor allem B\u00f6sen,<br \/>\n<\/b><b>Kraft und Hilfe zu allem Guten,<br \/>\n<\/b><b>dass du bewahrt wirst<br \/>\n<\/b><b>zum ewigen Leben.<br \/>\nAmen.<\/b><\/p>\n<p><img loading=\"lazy\" decoding=\"async\" class=\"alignnone size-medium wp-image-3990\" src=\"https:\/\/chiesa.ispravarese.it\/wp-content\/uploads\/2024\/05\/20240414_172906-300x225.jpg\" alt=\"\" width=\"300\" height=\"225\" srcset=\"https:\/\/chiesa.ispravarese.it\/wp-content\/uploads\/2024\/05\/20240414_172906-300x225.jpg 300w, https:\/\/chiesa.ispravarese.it\/wp-content\/uploads\/2024\/05\/20240414_172906-1024x768.jpg 1024w, https:\/\/chiesa.ispravarese.it\/wp-content\/uploads\/2024\/05\/20240414_172906-768x576.jpg 768w, https:\/\/chiesa.ispravarese.it\/wp-content\/uploads\/2024\/05\/20240414_172906-1536x1152.jpg 1536w, https:\/\/chiesa.ispravarese.it\/wp-content\/uploads\/2024\/05\/20240414_172906-2048x1536.jpg 2048w\" sizes=\"auto, (max-width: 300px) 100vw, 300px\" \/><\/p>\n<p style=\"text-align: justify;\">Liebe Gemeinde!<\/p>\n<p style=\"text-align: justify;\">Am Sonntag ist es wieder so weit! Wir feiern Konfirmation! Wie sch\u00f6n! Dieses Jahr haben wir eine gro\u00dfe Gruppe, die sich schon sehr auf diesen Tag freut: sie besteht aus: Thomas, Marten und Stina, Philipp, Xavien, David, Leonhard und Max. Dazu kamen w\u00e4hrend der Tage und Wochenenden noch drei weitere katholische Kinder, die am Pfingttag in Cadrezzate gefirmt werden. Der Unterricht war also \u00f6kumenisch ausgerichtet.<\/p>\n<p style=\"text-align: justify;\">Es war ein gutes Jahr miteinander, Carsten und mir hat das Unterrichten Freude gemacht. Die Gruppe war motiviert und hatte gro\u00dfe Lust, zu kommen. Sie war ausgesprochen sangesfreudig, hat sehr gerne gespielt &#8211;\u00a0 nur Theater spielen im Gottesdienst war nicht \u201ecool\u201c\u2026 \ud83d\ude42 . Wir haben viele verschiedene Themen behandelt, hatten zwei Freizeiten im Kloster Caravate, was auch eine neue Erfahrung f\u00fcr die Gruppe war und haben einen Nachmittag und einen Gottesdienst in der Behinderteneinrichtung \u201eSacra famiglia\u201c verbracht. Nun werde ich also am Sonntag diesen acht Jugendlichen den Segen Gottes zusprechen d\u00fcrfen. Ein besonderer Moment! Denn Gott sagt ihnen dadurch, dass er sie immer begleiten wird, dass er sie vor B\u00f6sem (in Gedanken, Worten und Taten) bewahren und sie zu Gutem (ebenso: im Denken und Tun) st\u00e4rken und f\u00f6rdern will. Auf dass sie eine gute Zukunft vor sich haben, das w\u00fcnschen wir ihnen!<\/p>\n<p style=\"text-align: justify;\"><b>Herzlichst! Eure Magdalena Tiebel-Gerdes<\/b><\/p>\n<p style=\"text-align: justify;\">\n<p><\/p>","protected":false},"excerpt":{"rendered":"<p>Gott, Vater, Sohn und heiliger Geist, gebe dir seine Gnade. Schutz und Schirm vor allem B\u00f6sen, Kraft und Hilfe zu allem Guten, dass du bewahrt wirst zum ewigen Leben. Amen. Liebe Gemeinde! Am Sonntag ist es wieder so weit! Wir feiern Konfirmation! Wie sch\u00f6n! Dieses Jahr haben wir eine gro\u00dfe Gruppe, die sich schon sehr [&hellip;]<\/p>\n","protected":false},"author":2,"featured_media":0,"parent":97,"menu_order":0,"comment_status":"closed","ping_status":"closed","template":"","meta":{"footnotes":""},"class_list":["post-4049","page","type-page","status-publish","hentry"],"_links":{"self":[{"href":"https:\/\/chiesa.ispravarese.it\/de\/wp-json\/wp\/v2\/pages\/4049","targetHints":{"allow":["GET"]}}],"collection":[{"href":"https:\/\/chiesa.ispravarese.it\/de\/wp-json\/wp\/v2\/pages"}],"about":[{"href":"https:\/\/chiesa.ispravarese.it\/de\/wp-json\/wp\/v2\/types\/page"}],"author":[{"embeddable":true,"href":"https:\/\/chiesa.ispravarese.it\/de\/wp-json\/wp\/v2\/users\/2"}],"replies":[{"embeddable":true,"href":"https:\/\/chiesa.ispravarese.it\/de\/wp-json\/wp\/v2\/comments?post=4049"}],"version-history":[{"count":3,"href":"https:\/\/chiesa.ispravarese.it\/de\/wp-json\/wp\/v2\/pages\/4049\/revisions"}],"predecessor-version":[{"id":4453,"href":"https:\/\/chiesa.ispravarese.it\/de\/wp-json\/wp\/v2\/pages\/4049\/revisions\/4453"}],"up":[{"embeddable":true,"href":"https:\/\/chiesa.ispravarese.it\/de\/wp-json\/wp\/v2\/pages\/97"}],"wp:attachment":[{"href":"https:\/\/chiesa.ispravarese.it\/de\/wp-json\/wp\/v2\/media?parent=4049"}],"curies":[{"name":"wp","href":"https:\/\/api.w.org\/{rel}","templated":true}]}}