{"id":4008,"date":"2024-05-22T11:15:13","date_gmt":"2024-05-22T09:15:13","guid":{"rendered":"https:\/\/chiesa.ispravarese.it\/?page_id=4008"},"modified":"2025-09-07T08:51:01","modified_gmt":"2025-09-07T06:51:01","slug":"andacht-03-2024","status":"publish","type":"page","link":"https:\/\/chiesa.ispravarese.it\/de\/angedacht\/andacht-03-2024\/","title":{"rendered":"Angedacht 03\/2024"},"content":{"rendered":"<p><strong>Umkehr, Ja sagen, Vertrauen &#8230;<\/strong><\/p>\n<p style=\"text-align: justify;\">&#8211; das sind einige der Schlagworte auf Stoffstreifen, die einige Zeit in der Kirche hingen. Angefertigt wurden sie in der Konfirmandengruppe f\u00fcr diejenigen aus ihrem Kreis, die im Februar getauft worden sind. Warum ich an dieser Stelle daran erinnere? Nun in den ersten Jahrzehnten des Christentums wurden die neu zum Glauben Gekommenen in der Osternacht in die Gemeinde aufgenommen. In wei\u00dfe Gew\u00e4nder gekleidet zogen sie ein, sie bekannten sich mit ihrem kr\u00e4ftigen \u201eJa\u201c vor allen anderen zu Gott, wurden getauft und waren ab diesem Zeitpunkt vollst\u00e4ndig mit dabei. Im Laufe der Jahrhunderte haben Taufe und Konfirmation die Bindung an den Ostertermin verloren und ihren eigenen Platz bekommen. Aber dennoch passen die Worte auf den Stoffen<br \/>\nweiterhin auch zu Ostern. Ostern steht f\u00fcr Neubeginn: Gott \u00fcberwindet die Grenze des Todes und schenkt neues Leben. Wir d\u00fcrfen jedes Jahr neu dazu \u201eJa\u201c sagen. Ostern steht f\u00fcr Vertrauen, dass Gott uns nicht verl\u00e4sst, dass Gemeinschaft untereinander m\u00f6glich ist und diese jeden von uns h\u00e4lt, st\u00fctzt und st\u00e4rkt. Ostern steht f\u00fcr eine Umkehr: ich gehe einen neuen Weg. Ostern ist ein \u201eDeal\u201c Gottes mit uns: \u201eWer an mich glaubt, wird leben, auch im Tod (Joh. 11,25)\u201c. Ostern zeigt, dass Gott uns akzeptiert, denn sonst w\u00e4re er diesen Weg nicht gegangen. An Ostern (aber auch sonst im Jahr) kann ich den Beitritt in die Kirche machen &#8211; zumindest innerlich mich zu Gott bekennen und seine Einladung annehmen; die Standes\u00e4mter haben leider geschlossen.<br \/>\nOstern ist ein Segen &#8211; und genau das w\u00fcnsche ich Ihnen in diesem Jahr, dass Sie Gottes Segen sp\u00fcren!<br \/>\nIn diesem Sinne: FROHE OSTERN !<\/p>\n<p>Carsten Gerdes<\/p>\n<p>&nbsp;<\/p>","protected":false},"excerpt":{"rendered":"<p>Umkehr, Ja sagen, Vertrauen &#8230; &#8211; das sind einige der Schlagworte auf Stoffstreifen, die einige Zeit in der Kirche hingen. Angefertigt wurden sie in der Konfirmandengruppe f\u00fcr diejenigen aus ihrem Kreis, die im Februar getauft worden sind. Warum ich an dieser Stelle daran erinnere? Nun in den ersten Jahrzehnten des Christentums wurden die neu zum [&hellip;]<\/p>\n","protected":false},"author":2,"featured_media":0,"parent":97,"menu_order":0,"comment_status":"closed","ping_status":"closed","template":"","meta":{"footnotes":""},"class_list":["post-4008","page","type-page","status-publish","hentry"],"_links":{"self":[{"href":"https:\/\/chiesa.ispravarese.it\/de\/wp-json\/wp\/v2\/pages\/4008","targetHints":{"allow":["GET"]}}],"collection":[{"href":"https:\/\/chiesa.ispravarese.it\/de\/wp-json\/wp\/v2\/pages"}],"about":[{"href":"https:\/\/chiesa.ispravarese.it\/de\/wp-json\/wp\/v2\/types\/page"}],"author":[{"embeddable":true,"href":"https:\/\/chiesa.ispravarese.it\/de\/wp-json\/wp\/v2\/users\/2"}],"replies":[{"embeddable":true,"href":"https:\/\/chiesa.ispravarese.it\/de\/wp-json\/wp\/v2\/comments?post=4008"}],"version-history":[{"count":3,"href":"https:\/\/chiesa.ispravarese.it\/de\/wp-json\/wp\/v2\/pages\/4008\/revisions"}],"predecessor-version":[{"id":4451,"href":"https:\/\/chiesa.ispravarese.it\/de\/wp-json\/wp\/v2\/pages\/4008\/revisions\/4451"}],"up":[{"embeddable":true,"href":"https:\/\/chiesa.ispravarese.it\/de\/wp-json\/wp\/v2\/pages\/97"}],"wp:attachment":[{"href":"https:\/\/chiesa.ispravarese.it\/de\/wp-json\/wp\/v2\/media?parent=4008"}],"curies":[{"name":"wp","href":"https:\/\/api.w.org\/{rel}","templated":true}]}}