{"id":3823,"date":"2024-02-28T09:35:58","date_gmt":"2024-02-28T08:35:58","guid":{"rendered":"https:\/\/chiesa.ispravarese.it\/?page_id=3823"},"modified":"2025-09-07T08:50:39","modified_gmt":"2025-09-07T06:50:39","slug":"andacht-01-2024","status":"publish","type":"page","link":"https:\/\/chiesa.ispravarese.it\/de\/angedacht\/andacht-01-2024\/","title":{"rendered":"Angedacht 01\/2024"},"content":{"rendered":"<p><strong>Weltgebetstag 2024<\/strong><\/p>\n<p><img loading=\"lazy\" decoding=\"async\" class=\"alignnone size-medium wp-image-3800\" src=\"https:\/\/chiesa.ispravarese.it\/wp-content\/uploads\/2024\/01\/Titel-253x300.jpg\" alt=\"\" width=\"253\" height=\"300\" srcset=\"https:\/\/chiesa.ispravarese.it\/wp-content\/uploads\/2024\/01\/Titel-253x300.jpg 253w, https:\/\/chiesa.ispravarese.it\/wp-content\/uploads\/2024\/01\/Titel.jpg 685w\" sizes=\"auto, (max-width: 253px) 100vw, 253px\" \/><\/p>\n<p><b>\u201eThere is a breakthrough in the wall\u201c<\/b><\/p>\n<p>Jedes Jahr schreibe ich an dieser Stelle \u00fcber den geplanten Weltgebetstags-Gottesdienst. Dieses Jahr wird es ein Gottesdienst \u00fcber das Wort aus dem Epheser-Brief sein: \u201e\u2026 der Frieden ist das Band, das euch zusammenh\u00e4lt,\u201c (Eph. 4,3)\u00a0 FRIEDEN \u2013 das w\u00fcnschen wir uns alle sehr, weil wir viel Unfrieden in unserer Welt und auch besonders am Anfang dieses neuen Jahres sp\u00fcren. Die Menschen in Pal\u00e4stina und Israel w\u00fcnschen es sich sicher noch viel st\u00e4rker als wir! Noch immer werden \u00fcber 100 Geiseln im Gaza-Streifen festgehalten, noch immer sterben t\u00e4glich Frauen, M\u00e4nner und Kinder durch die Angriffe der israelischen Armee im Gazastreifen und im West-Jordanland.<\/p>\n<p>Der aktuelle Welt-Gebetstag ist von Christinnen aus Pal\u00e4stina vorbereitet worden. Er ist lange\u00a0 vor dem 7. Oktober fertiggestellt gewesen. Und nun?<\/p>\n<p>Nun k\u00f6nnen wir uns dem Gebet f\u00fcr den Frieden anschlie\u00dfen. Aber ist das so einfach? Kann man einfach so beten, ohne Position zu beziehen? Und wenn, f\u00fcr welche Seite?<\/p>\n<p>Wir als \u00fcberwiegend deutsche Gemeinde haben die besondere Beziehung Deutschlands mit Israel. Eine historisch gewachsene Verantwortung. Wir waren geschockt \u00fcber diesen furchtbaren Angriff. Aber zu dem jetzigen Krieg gegen Zivilisten k\u00f6nnen wir auch nicht den Mund halten. Es ist ein schweres Thema, in dem wir uns vielleicht innerlich zerrissen f\u00fchlen.<\/p>\n<p>Die pal\u00e4stinensischen Christinnen sind mit uns durch den Glauben an den einen dreieinigen Gott verbunden. Es ist die Einheit, die Paulus in den S\u00e4tzen des Epheser-Briefes betont. Frieden w\u00e4re auch das Band, dass die verschiedenen Nationalit\u00e4ten und Religionen in Israel zusammenhalten k\u00f6nnte. Beten wir am <b>3. M\u00e4rz um 10.30 Uhr <\/b>in unserer Kirche um den Frieden und vertrauen wir, dass Gott den Menschen weiterhilft!<\/p>\n<p>Das hofft Ihre und Eure Magdalena Tiebel-Gerdes<\/p>\n<p>&nbsp;<\/p>","protected":false},"excerpt":{"rendered":"<p>Weltgebetstag 2024 \u201eThere is a breakthrough in the wall\u201c Jedes Jahr schreibe ich an dieser Stelle \u00fcber den geplanten Weltgebetstags-Gottesdienst. Dieses Jahr wird es ein Gottesdienst \u00fcber das Wort aus dem Epheser-Brief sein: \u201e\u2026 der Frieden ist das Band, das euch zusammenh\u00e4lt,\u201c (Eph. 4,3)\u00a0 FRIEDEN \u2013 das w\u00fcnschen wir uns alle sehr, weil wir viel [&hellip;]<\/p>\n","protected":false},"author":2,"featured_media":0,"parent":97,"menu_order":0,"comment_status":"closed","ping_status":"closed","template":"","meta":{"footnotes":""},"class_list":["post-3823","page","type-page","status-publish","hentry"],"_links":{"self":[{"href":"https:\/\/chiesa.ispravarese.it\/de\/wp-json\/wp\/v2\/pages\/3823","targetHints":{"allow":["GET"]}}],"collection":[{"href":"https:\/\/chiesa.ispravarese.it\/de\/wp-json\/wp\/v2\/pages"}],"about":[{"href":"https:\/\/chiesa.ispravarese.it\/de\/wp-json\/wp\/v2\/types\/page"}],"author":[{"embeddable":true,"href":"https:\/\/chiesa.ispravarese.it\/de\/wp-json\/wp\/v2\/users\/2"}],"replies":[{"embeddable":true,"href":"https:\/\/chiesa.ispravarese.it\/de\/wp-json\/wp\/v2\/comments?post=3823"}],"version-history":[{"count":3,"href":"https:\/\/chiesa.ispravarese.it\/de\/wp-json\/wp\/v2\/pages\/3823\/revisions"}],"predecessor-version":[{"id":4450,"href":"https:\/\/chiesa.ispravarese.it\/de\/wp-json\/wp\/v2\/pages\/3823\/revisions\/4450"}],"up":[{"embeddable":true,"href":"https:\/\/chiesa.ispravarese.it\/de\/wp-json\/wp\/v2\/pages\/97"}],"wp:attachment":[{"href":"https:\/\/chiesa.ispravarese.it\/de\/wp-json\/wp\/v2\/media?parent=3823"}],"curies":[{"name":"wp","href":"https:\/\/api.w.org\/{rel}","templated":true}]}}