{"id":3807,"date":"2024-01-19T16:51:53","date_gmt":"2024-01-19T15:51:53","guid":{"rendered":"https:\/\/chiesa.ispravarese.it\/?page_id=3807"},"modified":"2025-09-07T08:49:41","modified_gmt":"2025-09-07T06:49:41","slug":"andacht-11-2023","status":"publish","type":"page","link":"https:\/\/chiesa.ispravarese.it\/de\/angedacht\/andacht-11-2023\/","title":{"rendered":"Angedacht 11\/2023"},"content":{"rendered":"<p>&nbsp;<\/p>\n<p><img loading=\"lazy\" decoding=\"async\" class=\"alignnone size-medium wp-image-3779\" src=\"https:\/\/chiesa.ispravarese.it\/wp-content\/uploads\/2023\/11\/IMG20231108105210-209x300.jpg\" alt=\"\" width=\"209\" height=\"300\" srcset=\"https:\/\/chiesa.ispravarese.it\/wp-content\/uploads\/2023\/11\/IMG20231108105210-209x300.jpg 209w, https:\/\/chiesa.ispravarese.it\/wp-content\/uploads\/2023\/11\/IMG20231108105210-715x1024.jpg 715w, https:\/\/chiesa.ispravarese.it\/wp-content\/uploads\/2023\/11\/IMG20231108105210-768x1100.jpg 768w, https:\/\/chiesa.ispravarese.it\/wp-content\/uploads\/2023\/11\/IMG20231108105210-1072x1536.jpg 1072w, https:\/\/chiesa.ispravarese.it\/wp-content\/uploads\/2023\/11\/IMG20231108105210-1429x2048.jpg 1429w, https:\/\/chiesa.ispravarese.it\/wp-content\/uploads\/2023\/11\/IMG20231108105210-scaled.jpg 1787w\" sizes=\"auto, (max-width: 209px) 100vw, 209px\" \/><\/p>\n<p><strong>Mehr Schein als Sein?<\/strong><\/p>\n<p style=\"text-align: justify;\">Liebe Gemeinde,<br \/>\nIm Mai auf Mallorca bin ich ihm begegnet, diesem etwas pummeligen Stellvertreter. Es war im Verkaufsladen eines abgelegenen Klosters hoch auf einem Berg bei 25\u00b0 und blauem Himmel. Ich war \u00fcberrascht. In diesen Tagen und Wochen des zu Ende gehenden Jahres hingegen erscheint er fast allgegenw\u00e4rtig. In Schaufenstern, Fernsehen, Supermarktwerbung und bei Schulfeiern taucht er auf und verbreitet fr\u00f6hliche Stimmung. Die meisten Menschen, vor allem die Kinder, freuen sich, wenn sie ihn sehen. Denn er verspricht Freude, ein friedliches Miteinander, strahlende Momente, Gl\u00fcckseligkeit, Beschenktwerden. Bei allem hellen Schein ist er jedoch nurein Stellvertreter. Wenn ich auf seine G\u00fcrtelschnalle dr\u00fccke, offenbart der pummelige Geselle, was wirklich in ihm steckt:<\/p>\n<div id=\"attachment_3780\" style=\"width: 310px\" class=\"wp-caption alignnone\"><img loading=\"lazy\" decoding=\"async\" aria-describedby=\"caption-attachment-3780\" class=\"size-medium wp-image-3780\" src=\"https:\/\/chiesa.ispravarese.it\/wp-content\/uploads\/2023\/11\/babbo-detail-300x232.jpg\" alt=\"\" width=\"300\" height=\"232\" srcset=\"https:\/\/chiesa.ispravarese.it\/wp-content\/uploads\/2023\/11\/babbo-detail-300x232.jpg 300w, https:\/\/chiesa.ispravarese.it\/wp-content\/uploads\/2023\/11\/babbo-detail-1024x791.jpg 1024w, https:\/\/chiesa.ispravarese.it\/wp-content\/uploads\/2023\/11\/babbo-detail-768x593.jpg 768w, https:\/\/chiesa.ispravarese.it\/wp-content\/uploads\/2023\/11\/babbo-detail.jpg 1424w\" sizes=\"auto, (max-width: 300px) 100vw, 300px\" \/><p id=\"caption-attachment-3780\" class=\"wp-caption-text\">20231108_111847<\/p><\/div>\n<p style=\"text-align: justify;\">&#8211; eine Krippenszene!<br \/>\nGott ist ein Mensch geworden. Das gr\u00f6\u00dfte Geheimnis,das gr\u00f6\u00dfte Geschenk, das ich kenne, steckt in ihm. Unerkl\u00e4rlich, unfassbar, unbeschreiblich. Darin enthalten ein Angebot: Ich, Gott, m\u00f6chte dir, jedem Menschen, nahekommen und dich begleiten. Wer das zu glauben vermag, erlebt einen Wechsel vom Schein zum Sein!<br \/>\nNichts weniger w\u00fcnsche ich Ihnen zu Weihnachten.<br \/>\nIhr Carsten Gerdes<\/p>\n<p><\/p>","protected":false},"excerpt":{"rendered":"<p>&nbsp; Mehr Schein als Sein? Liebe Gemeinde, Im Mai auf Mallorca bin ich ihm begegnet, diesem etwas pummeligen Stellvertreter. Es war im Verkaufsladen eines abgelegenen Klosters hoch auf einem Berg bei 25\u00b0 und blauem Himmel. Ich war \u00fcberrascht. In diesen Tagen und Wochen des zu Ende gehenden Jahres hingegen erscheint er fast allgegenw\u00e4rtig. In Schaufenstern, [&hellip;]<\/p>\n","protected":false},"author":2,"featured_media":0,"parent":97,"menu_order":0,"comment_status":"closed","ping_status":"closed","template":"","meta":{"footnotes":""},"class_list":["post-3807","page","type-page","status-publish","hentry"],"_links":{"self":[{"href":"https:\/\/chiesa.ispravarese.it\/de\/wp-json\/wp\/v2\/pages\/3807","targetHints":{"allow":["GET"]}}],"collection":[{"href":"https:\/\/chiesa.ispravarese.it\/de\/wp-json\/wp\/v2\/pages"}],"about":[{"href":"https:\/\/chiesa.ispravarese.it\/de\/wp-json\/wp\/v2\/types\/page"}],"author":[{"embeddable":true,"href":"https:\/\/chiesa.ispravarese.it\/de\/wp-json\/wp\/v2\/users\/2"}],"replies":[{"embeddable":true,"href":"https:\/\/chiesa.ispravarese.it\/de\/wp-json\/wp\/v2\/comments?post=3807"}],"version-history":[{"count":3,"href":"https:\/\/chiesa.ispravarese.it\/de\/wp-json\/wp\/v2\/pages\/3807\/revisions"}],"predecessor-version":[{"id":4448,"href":"https:\/\/chiesa.ispravarese.it\/de\/wp-json\/wp\/v2\/pages\/3807\/revisions\/4448"}],"up":[{"embeddable":true,"href":"https:\/\/chiesa.ispravarese.it\/de\/wp-json\/wp\/v2\/pages\/97"}],"wp:attachment":[{"href":"https:\/\/chiesa.ispravarese.it\/de\/wp-json\/wp\/v2\/media?parent=3807"}],"curies":[{"name":"wp","href":"https:\/\/api.w.org\/{rel}","templated":true}]}}