{"id":3554,"date":"2023-03-21T09:23:45","date_gmt":"2023-03-21T08:23:45","guid":{"rendered":"https:\/\/chiesa.ispravarese.it\/?page_id=3554"},"modified":"2025-09-07T08:50:15","modified_gmt":"2025-09-07T06:50:15","slug":"andacht-01-2023","status":"publish","type":"page","link":"https:\/\/chiesa.ispravarese.it\/de\/angedacht\/andacht-01-2023\/","title":{"rendered":"Angedacht 01\/2023"},"content":{"rendered":"<p><\/p>\n<p style=\"text-align: justify;\">\u201e<i><b>Du bist ein Gott, der mich sieht\u201c (1. Mose 16, 13)<\/b><\/i><\/p>\n<p style=\"text-align: justify;\">F\u00fcr jedes Jahr wird ein Bibelvers als Losung herausgesucht. Ein Satz, der uns im guten Falle ein Jahr lang begleitet. Dieses Jahr ist er aus dem Buch \u201eGenesis\u201c entnommen, dort wo die ersten Geschichten \u00fcber menschliche Beziehungen stehen, quasi \u201eSymbol-Geschichten\u201c. H\u00e4ufig lesen wir dort nicht von einem freundlichen Umgang zwischen den Hauptpersonen, sondern es ist alles sehr realistisch \u201emenschlich\u201c gehalten. Und es ist die Zeit der Fr\u00fchform des j\u00fcdischen Glaubens an Gott. Beschreibungen, in denen auch Gott sehr menschlich wirkt.<\/p>\n<p style=\"text-align: justify;\">Es geht um \u201eSehen und Gesehen werden\u201c, um das beachtet werden, was wir im Leben brauchen, um uns geliebt und angenommen zu f\u00fchlen. Wer sieht mich an? Gucken alle weg, wenn ich komme? Wir alle wissen, wie grundlegend Beachtung oder Mi\u00dfachtung sind &#8211; und von wie vielen kleinen und unwichtigen Faktoren es abh\u00e4ngen kann. Ist es f\u00fcr die Wertigkeit meiner Person wichtig, welche Kleidung ich mir kaufen kann, welche Sprache ich spreche oder wie ich aussehe? Und muss das so sein?<\/p>\n<p style=\"text-align: justify;\">Hagar, die Frau, der Gott durch einen Engel zusichert, sie in Zukunft zu besch\u00fctzen, ist von Sarah und Abraham benutzt worden, um doch noch einen Stammhalter zu bekommen. Als das geklappt hat, ist sie wegen schlechter<\/p>\n<p style=\"text-align: justify;\">Behandlung von Sarah voller Verzweiflung in die W\u00fcste geflohen. Dort spricht Gott sie durch einen Engel an und will ihr helfen. Und sie sagt von ihm:<\/p>\n<p style=\"text-align: justify;\">\u201eDu bist ein Gott, der mich sieht.\u201c &#8211; Wie viel Vertrauen und Zuversicht kann ich in diesen Worten h\u00f6ren. Endlich jemand, der nicht wegschaut, der ihr mit Zuneigung begegnet.<\/p>\n<p style=\"text-align: justify;\">Auch uns schaut Gott mit Liebe an \u2013 egal in welcher Phase unseres Lebens wir uns gerade befinden. Er nimmt uns wahr und kann uns neue Kraft f\u00fcr einen weiteren Wegabschnitt geben.<\/p>\n<p style=\"text-align: justify;\">Uns aber auch immer wieder daran erinnern, dass wir auf die Menschen um uns herum achten sollen \u2013 sie sehen sollen. Egal wer sie sind und wie sie aussehen.<\/p>\n<p style=\"text-align: justify;\">Um ihnen Achtung und W\u00fcrde zu geben. Um sie aus dem \u201eNicht -gesehen -werden\u201c heraus zu holen.<\/p>\n<p style=\"text-align: justify;\">Einen guten Start ins neue Jahr w\u00fcnscht Euch und Ihnen<\/p>\n<p style=\"text-align: justify;\">Ihre Magdalena Tiebel-Gerdes<\/p>\n<p><\/p>","protected":false},"excerpt":{"rendered":"<p>\u201eDu bist ein Gott, der mich sieht\u201c (1. Mose 16, 13) F\u00fcr jedes Jahr wird ein Bibelvers als Losung herausgesucht. Ein Satz, der uns im guten Falle ein Jahr lang begleitet. Dieses Jahr ist er aus dem Buch \u201eGenesis\u201c entnommen, dort wo die ersten Geschichten \u00fcber menschliche Beziehungen stehen, quasi \u201eSymbol-Geschichten\u201c. H\u00e4ufig lesen wir dort [&hellip;]<\/p>\n","protected":false},"author":2,"featured_media":0,"parent":97,"menu_order":0,"comment_status":"closed","ping_status":"closed","template":"","meta":{"footnotes":""},"class_list":["post-3554","page","type-page","status-publish","hentry"],"_links":{"self":[{"href":"https:\/\/chiesa.ispravarese.it\/de\/wp-json\/wp\/v2\/pages\/3554","targetHints":{"allow":["GET"]}}],"collection":[{"href":"https:\/\/chiesa.ispravarese.it\/de\/wp-json\/wp\/v2\/pages"}],"about":[{"href":"https:\/\/chiesa.ispravarese.it\/de\/wp-json\/wp\/v2\/types\/page"}],"author":[{"embeddable":true,"href":"https:\/\/chiesa.ispravarese.it\/de\/wp-json\/wp\/v2\/users\/2"}],"replies":[{"embeddable":true,"href":"https:\/\/chiesa.ispravarese.it\/de\/wp-json\/wp\/v2\/comments?post=3554"}],"version-history":[{"count":3,"href":"https:\/\/chiesa.ispravarese.it\/de\/wp-json\/wp\/v2\/pages\/3554\/revisions"}],"predecessor-version":[{"id":4449,"href":"https:\/\/chiesa.ispravarese.it\/de\/wp-json\/wp\/v2\/pages\/3554\/revisions\/4449"}],"up":[{"embeddable":true,"href":"https:\/\/chiesa.ispravarese.it\/de\/wp-json\/wp\/v2\/pages\/97"}],"wp:attachment":[{"href":"https:\/\/chiesa.ispravarese.it\/de\/wp-json\/wp\/v2\/media?parent=3554"}],"curies":[{"name":"wp","href":"https:\/\/api.w.org\/{rel}","templated":true}]}}