{"id":3488,"date":"2023-01-24T20:39:34","date_gmt":"2023-01-24T19:39:34","guid":{"rendered":"https:\/\/chiesa.ispravarese.it\/?page_id=3488"},"modified":"2025-09-07T08:53:29","modified_gmt":"2025-09-07T06:53:29","slug":"andacht-09-2022-2","status":"publish","type":"page","link":"https:\/\/chiesa.ispravarese.it\/de\/angedacht\/andacht-09-2022-2\/","title":{"rendered":"Angedacht 11\/2022"},"content":{"rendered":"<p><\/p>\n<p style=\"text-align: justify;\"><span style=\"text-align: justify;\">Liebe Gemeinde,<\/span><\/p>\n<p style=\"text-align: justify;\"><span style=\"text-align: justify;\">denk ich an Weihnachten, dann kommt mir schnell der Beginn dieses Liedes (Vorderseite) in den Sinn und schon klingt die Melodie in mir. Und mit den T\u00f6nen tauchen Erinnerungen und Bilder auf.<br \/>\nAber ist es wirklich so? Alle Jahre wieder\u2026 Ok, Baum, Lichter, Geschenke, Essen &#8211; wobei da f\u00e4ngt es ja vielfach schon an. Die einen Familien haben die Tradition, dass es immer dasselbe gibt, hingegen andere eher sagen, auf jeden Fall was anderes als letztes Jahr. Im Newsletter des vergangenen Jahres schrieb ich \u00fcber den Novemberblues, hingegen ich jetzt gleich in die Sonne treten werde und die W\u00e4sche drau\u00dfen aufh\u00e4nge. Die Bilder auf den Titelseiten waren auch immer andere und letztes Jahr gab es keine Taufe in unserer Gemeinde, hingegen gerade die zweite Anmeldung hereinflatterte. Ver\u00e4nderungen gibt es also schon &#8211; aber eines bleibt doch gleich:<br \/>\nWeihnachten ist das Kommen Gottes in unsere Welt. Er bleibt derselbe &#8211; gestern, heute und morgen! Gott kommt zu denen, die ihn vielleicht etwas mehr brauchen als andere, weil sie am Rand der Gesellschaft stehen, weil niemand ihnen etwas zutraut, weil manche sagen, dass sie nicht hierhergeh\u00f6ren, weil sie einsam sind und niemand sie besucht, weil sie krank, untr\u00f6stlich, verbittert, mutlos, hungrig, verzweifelt, gelangweilt, \u00fcberheblich, selbstbewusst, \u2026 sind.<br \/>\nGott kommt letztlich auch zu dir und mir. Mit dem L\u00e4cheln eines neugeborenen Kindes nimmt er den ersten Kontakt auf und in seinen Augen steht die eine Botschaft: Ich liebe dich und m\u00f6chte, dass du in Frieden leben kannst, gestern, heute und morgen. Eben alle Jahre wieder. Frohe Weihnachten!<\/span><\/p>\n<p style=\"text-align: justify;\"><em><span style=\"text-align: justify;\">Carsten Gerdes<\/span><\/em><\/p>\n<p style=\"text-align: justify;\">\n<p><\/p>","protected":false},"excerpt":{"rendered":"<p>Liebe Gemeinde, denk ich an Weihnachten, dann kommt mir schnell der Beginn dieses Liedes (Vorderseite) in den Sinn und schon klingt die Melodie in mir. Und mit den T\u00f6nen tauchen Erinnerungen und Bilder auf. Aber ist es wirklich so? Alle Jahre wieder\u2026 Ok, Baum, Lichter, Geschenke, Essen &#8211; wobei da f\u00e4ngt es ja vielfach schon [&hellip;]<\/p>\n","protected":false},"author":2,"featured_media":0,"parent":97,"menu_order":0,"comment_status":"closed","ping_status":"closed","template":"","meta":{"footnotes":""},"class_list":["post-3488","page","type-page","status-publish","hentry"],"_links":{"self":[{"href":"https:\/\/chiesa.ispravarese.it\/de\/wp-json\/wp\/v2\/pages\/3488","targetHints":{"allow":["GET"]}}],"collection":[{"href":"https:\/\/chiesa.ispravarese.it\/de\/wp-json\/wp\/v2\/pages"}],"about":[{"href":"https:\/\/chiesa.ispravarese.it\/de\/wp-json\/wp\/v2\/types\/page"}],"author":[{"embeddable":true,"href":"https:\/\/chiesa.ispravarese.it\/de\/wp-json\/wp\/v2\/users\/2"}],"replies":[{"embeddable":true,"href":"https:\/\/chiesa.ispravarese.it\/de\/wp-json\/wp\/v2\/comments?post=3488"}],"version-history":[{"count":3,"href":"https:\/\/chiesa.ispravarese.it\/de\/wp-json\/wp\/v2\/pages\/3488\/revisions"}],"predecessor-version":[{"id":4457,"href":"https:\/\/chiesa.ispravarese.it\/de\/wp-json\/wp\/v2\/pages\/3488\/revisions\/4457"}],"up":[{"embeddable":true,"href":"https:\/\/chiesa.ispravarese.it\/de\/wp-json\/wp\/v2\/pages\/97"}],"wp:attachment":[{"href":"https:\/\/chiesa.ispravarese.it\/de\/wp-json\/wp\/v2\/media?parent=3488"}],"curies":[{"name":"wp","href":"https:\/\/api.w.org\/{rel}","templated":true}]}}