{"id":3448,"date":"2022-11-08T09:15:17","date_gmt":"2022-11-08T08:15:17","guid":{"rendered":"https:\/\/chiesa.ispravarese.it\/?page_id=3448"},"modified":"2025-09-07T08:52:10","modified_gmt":"2025-09-07T06:52:10","slug":"andacht-09-2022","status":"publish","type":"page","link":"https:\/\/chiesa.ispravarese.it\/de\/angedacht\/andacht-09-2022\/","title":{"rendered":"Angedacht 09\/2022"},"content":{"rendered":"<p><b><i>Spuren<\/i><\/b><\/p>\n<p><b><i>Der alte Mann aus Afrika hie\u00df Daniel.<\/i><\/b><\/p>\n<p><b><i>Er glaubte an Gott.<\/i><\/b><\/p>\n<p><b><i>Jemand wollte sich \u00fcber ihn lustig machen.<\/i><\/b><\/p>\n<p><b><i>Er fragte: Woher wei\u00dft du Daniel, dass es einen Gott gibt?<\/i><\/b><\/p>\n<p><b><i>Daniel antwortete:<\/i><\/b><\/p>\n<p><b><i>Woher wei\u00df ich, ob ein Mensch, ein Hund oder ein Esel nachts um meine H\u00fctte gegangen sind?<\/i><\/b><\/p>\n<p><b><i>Antwort:\u00a0 An\u00a0 den Spuren im Sand sehe ich es.<\/i><\/b><\/p>\n<p><b><i>Also: Auch in meinem Leben sind Spuren eingedr\u00fcckt, Spuren Gottes. <\/i><\/b><i>nach Walter Ruf<\/i><\/p>\n<p>&nbsp;<\/p>\n<p><b>Liebe Leserinnen und Leser!<\/b><\/p>\n<p>Gestern haben wir voller Freude einen Gottesdienst mit Verabschiedung und Einf\u00fchrung unseres Kirchengemeinderates gefeiert.<\/p>\n<p>Sind diese Menschen, die sich engagiert haben, oder sich neu haben w\u00e4hlen lassen, nicht auch \u201eSpuren Gottes\u201c? Warum machen sie das, sich mit Zeit, Kosten, Kraft und Phantasie f\u00fcr diese Kirchengemeinde einzusetzen? Ich denke, weil es ihnen hier gut gef\u00e4llt. Sie diese Arbeit hier sch\u00e4tzen und dazu beitragen wollen, dass sie in guter Art und Weise weitergehen.<\/p>\n<p>Aber auch, weil sie die christliche Botschaft, von der wir ausgehen und die wir weitersagen wollen, richtig und wichtig finden.<\/p>\n<p>Vielleicht auch, weil sie sich von Gott dazu \u201egerufen\u201c f\u00fchlen?<\/p>\n<p>Das h\u00f6rt sich denke ich, fr\u00f6mmer an, als es ist.<\/p>\n<p>Vielleicht ist es so, dass sie Gott in ihrem Leben immer wieder erlebt haben. Dass sie sagen w\u00fcrden: \u201eJa, er hat auch in meinem Leben Spuren hinterlassen.\u201c Er hat mir Kraft gegeben nach dem Tode eines lieben Menschen, nicht zu verzweifeln. In einer Krise habe ich neuen Mut bekommen. Und Hoffnung, dass es mit unserer Welt gut weitergehen wird, trotz Krieg und Energiekrise.<\/p>\n<p>Gott wirkt in unserem Leben und hinterl\u00e4sst Spuren. Man kann sie bestimmt auch anders interpretieren\u00a0 &#8211; aber auch mit Dankbarkeit sagen: Da war Gott am Werk. Diesen Glauben w\u00fcnsche ich uns allem! <b><i>Eure Magdalena Tiebel-Gerdes<\/i><\/b><\/p>\n<p style=\"text-align: justify;\">\n<p><\/p>","protected":false},"excerpt":{"rendered":"<p>Spuren Der alte Mann aus Afrika hie\u00df Daniel. Er glaubte an Gott. Jemand wollte sich \u00fcber ihn lustig machen. Er fragte: Woher wei\u00dft du Daniel, dass es einen Gott gibt? Daniel antwortete: Woher wei\u00df ich, ob ein Mensch, ein Hund oder ein Esel nachts um meine H\u00fctte gegangen sind? Antwort:\u00a0 An\u00a0 den Spuren im Sand [&hellip;]<\/p>\n","protected":false},"author":2,"featured_media":0,"parent":97,"menu_order":0,"comment_status":"closed","ping_status":"closed","template":"","meta":{"footnotes":""},"class_list":["post-3448","page","type-page","status-publish","hentry"],"_links":{"self":[{"href":"https:\/\/chiesa.ispravarese.it\/de\/wp-json\/wp\/v2\/pages\/3448","targetHints":{"allow":["GET"]}}],"collection":[{"href":"https:\/\/chiesa.ispravarese.it\/de\/wp-json\/wp\/v2\/pages"}],"about":[{"href":"https:\/\/chiesa.ispravarese.it\/de\/wp-json\/wp\/v2\/types\/page"}],"author":[{"embeddable":true,"href":"https:\/\/chiesa.ispravarese.it\/de\/wp-json\/wp\/v2\/users\/2"}],"replies":[{"embeddable":true,"href":"https:\/\/chiesa.ispravarese.it\/de\/wp-json\/wp\/v2\/comments?post=3448"}],"version-history":[{"count":3,"href":"https:\/\/chiesa.ispravarese.it\/de\/wp-json\/wp\/v2\/pages\/3448\/revisions"}],"predecessor-version":[{"id":4454,"href":"https:\/\/chiesa.ispravarese.it\/de\/wp-json\/wp\/v2\/pages\/3448\/revisions\/4454"}],"up":[{"embeddable":true,"href":"https:\/\/chiesa.ispravarese.it\/de\/wp-json\/wp\/v2\/pages\/97"}],"wp:attachment":[{"href":"https:\/\/chiesa.ispravarese.it\/de\/wp-json\/wp\/v2\/media?parent=3448"}],"curies":[{"name":"wp","href":"https:\/\/api.w.org\/{rel}","templated":true}]}}