{"id":3337,"date":"2022-06-03T17:38:07","date_gmt":"2022-06-03T15:38:07","guid":{"rendered":"https:\/\/chiesa.ispravarese.it\/?page_id=3337"},"modified":"2025-09-07T08:51:16","modified_gmt":"2025-09-07T06:51:16","slug":"andacht-04-2022","status":"publish","type":"page","link":"https:\/\/chiesa.ispravarese.it\/de\/angedacht\/andacht-04-2022\/","title":{"rendered":"Angedacht 04\/2022"},"content":{"rendered":"<p><img loading=\"lazy\" decoding=\"async\" class=\"alignnone size-medium wp-image-3254\" src=\"https:\/\/chiesa.ispravarese.it\/wp-content\/uploads\/2022\/04\/20220331_152646-2-206x300.jpg\" alt=\"\" width=\"206\" height=\"300\" srcset=\"https:\/\/chiesa.ispravarese.it\/wp-content\/uploads\/2022\/04\/20220331_152646-2-206x300.jpg 206w, https:\/\/chiesa.ispravarese.it\/wp-content\/uploads\/2022\/04\/20220331_152646-2-702x1024.jpg 702w, https:\/\/chiesa.ispravarese.it\/wp-content\/uploads\/2022\/04\/20220331_152646-2-768x1120.jpg 768w, https:\/\/chiesa.ispravarese.it\/wp-content\/uploads\/2022\/04\/20220331_152646-2-1053x1536.jpg 1053w, https:\/\/chiesa.ispravarese.it\/wp-content\/uploads\/2022\/04\/20220331_152646-2-1404x2048.jpg 1404w, https:\/\/chiesa.ispravarese.it\/wp-content\/uploads\/2022\/04\/20220331_152646-2.jpg 1706w\" sizes=\"auto, (max-width: 206px) 100vw, 206px\" \/> <span style=\"font-size: 14pt;\"><strong><br \/>\n<\/strong><\/span><\/p>\n<p>Positiv \/ Negativ<\/p>\n<p>Die Umkehrung der Verh\u00e4ltnisse<\/p>\n<p>Oder auch: Aus negativ wird positiv. Als wir \u00c4lteren noch unsere Filme zum Entwickeln ins Fachgesch\u00e4ft brachten, bekamen wir nach einigen Tagen einen Umschlag zur\u00fcck, in dem neben den entwickelten Fotos eben auch ein paar kleinere Streifen lagen, die das genaue Gegenteil darstellten. Was auf den Fotos hell leuchtete, war auf ihnen dunkel zu sehen und was auf den Fotos wiederum dunkel aussah, schien auf den Streifen hell zu sein. Verkehrte Welt also.<\/p>\n<p>Beim letzten Familiengottesdienst haben Kinder das gestaltet, was Sie auf dem Titelblatt sehen: Auf eine Schicht Erde wurde ein gr\u00fcner Plakatkarton mit einem Ausschnitt gelegt und so erkennen Sie nun ein schwarzes Kreuz mitten im Gr\u00fcnen. Dann haben die Kinder noch Kressesamen in den Ausschnitt gelegt und mit Wasser begossen. Wenn alles klappt, dann sehen wir in wenigen Tagen genau das Gegenteil. Was jetzt noch schwarz ist, wird gr\u00fcn sein und statt Plakatkarton wird dann schwarze Erde das Kreuz umgeben. Umkehrung der Verh\u00e4ltnisse, aus negativ wird positiv.<\/p>\n<p>Kann man einfacher als so erkl\u00e4ren, was wir Christen an Ostern feiern? Ich glaube nicht. Die Auferstehung der Toten, der Sieg des Lebens \u00fcber den Tod, der Anfang nach dem Ende und welche Worte wir auch verwenden, sie bleiben zur\u00fcck hinter dieser Sprache der Bilder. Sie zeigen uns ganz einfach, wie Dinge ins Gegenteil verkehrt werden, die Sache auf den Kopf gestellt wird. Der, der tot war, wurde von Gott wieder ins Leben gestellt, was verloren schien, erweist sich als Gewinn f\u00fcr viele. Jesus ist auferstanden, er ist wahrhaftig auferstanden.<\/p>\n<p>Halleluja!!<\/p>\n<p><em>Pastor Carsten Gerdes<\/em><\/p>","protected":false},"excerpt":{"rendered":"<p>Positiv \/ Negativ Die Umkehrung der Verh\u00e4ltnisse Oder auch: Aus negativ wird positiv. Als wir \u00c4lteren noch unsere Filme zum Entwickeln ins Fachgesch\u00e4ft brachten, bekamen wir nach einigen Tagen einen Umschlag zur\u00fcck, in dem neben den entwickelten Fotos eben auch ein paar kleinere Streifen lagen, die das genaue Gegenteil darstellten. Was auf den Fotos hell [&hellip;]<\/p>\n","protected":false},"author":2,"featured_media":0,"parent":97,"menu_order":0,"comment_status":"closed","ping_status":"closed","template":"","meta":{"footnotes":""},"class_list":["post-3337","page","type-page","status-publish","hentry"],"_links":{"self":[{"href":"https:\/\/chiesa.ispravarese.it\/de\/wp-json\/wp\/v2\/pages\/3337","targetHints":{"allow":["GET"]}}],"collection":[{"href":"https:\/\/chiesa.ispravarese.it\/de\/wp-json\/wp\/v2\/pages"}],"about":[{"href":"https:\/\/chiesa.ispravarese.it\/de\/wp-json\/wp\/v2\/types\/page"}],"author":[{"embeddable":true,"href":"https:\/\/chiesa.ispravarese.it\/de\/wp-json\/wp\/v2\/users\/2"}],"replies":[{"embeddable":true,"href":"https:\/\/chiesa.ispravarese.it\/de\/wp-json\/wp\/v2\/comments?post=3337"}],"version-history":[{"count":3,"href":"https:\/\/chiesa.ispravarese.it\/de\/wp-json\/wp\/v2\/pages\/3337\/revisions"}],"predecessor-version":[{"id":4452,"href":"https:\/\/chiesa.ispravarese.it\/de\/wp-json\/wp\/v2\/pages\/3337\/revisions\/4452"}],"up":[{"embeddable":true,"href":"https:\/\/chiesa.ispravarese.it\/de\/wp-json\/wp\/v2\/pages\/97"}],"wp:attachment":[{"href":"https:\/\/chiesa.ispravarese.it\/de\/wp-json\/wp\/v2\/media?parent=3337"}],"curies":[{"name":"wp","href":"https:\/\/api.w.org\/{rel}","templated":true}]}}