{"id":24,"date":"2016-05-15T19:05:01","date_gmt":"2016-05-15T17:05:01","guid":{"rendered":"http:\/\/chiesa.ispravarese.it\/?page_id=24"},"modified":"2019-11-17T16:50:03","modified_gmt":"2019-11-17T15:50:03","slug":"mitgliedschaft","status":"publish","type":"page","link":"https:\/\/chiesa.ispravarese.it\/de\/mitgliedschaft\/","title":{"rendered":"Mitgliedschaft in der Kirchengemeinde"},"content":{"rendered":"<p><\/p>\n<h3>Ver\u00e4nderte Mitgliedschaftsverh\u00e4ltnisse im Ausland<\/h3>\n<p style=\"text-align: justify;\">F\u00fcr viele Menschen, die ins Ausland gehen, erlischt durch den Wegzug automatisch auch ihre Kirchenmitgliedschaft. Andere bleiben in ihrem Heimatland gemeldet und dadurch auch weiter Mitglied der dortigen Kirche. Wer im Ausland eine Gemeinde seiner Sprache und Konfession aufsucht, geh\u00f6rt im Allgemeinen einer der beiden Gruppen an, und er oder sie nimmt &#8211; regelm\u00e4\u00dfig oder unregelm\u00e4\u00dfig &#8211; an Gottesdiensten oder anderen Angeboten der Gemeinde teil. Diese sind grunds\u00e4tzlich offen f\u00fcr alle, die kommen, auch wenn sie nicht Mitglieder sind. Die Mitgliedschaft in einer solchen Gemeinde geschieht nun allerdings nicht automatisch, sondern muss durch entsprechende Erkl\u00e4rung eigens neu begr\u00fcndet werden.<\/p>\n<h3>Auftrag und Arbeit einer Kirchengemeinde im Ausland<\/h3>\n<p style=\"text-align: justify;\">Christsein dr\u00fcckt sich seit den Anf\u00e4ngen der Kirche in der Teilnahme an einer Gemeinschaft aus, die sich um Bekenntnis, Glaubenslehre und Gottesdienst bildet (Luk 2, 42: &#8222;Sie blieben aber best\u00e4ndig in der Lehre der Apostel und in der Gemeinschaft und im Brotbrechen und im Gebet.&#8220;). Nach der reformatorischen Bekenntnisschrift Confessio Augustana ist Kirche da, wo Gottes Wort verk\u00fcndigt und die Sakramente recht verwaltet werden.<br \/>\nSo ist Kirchenmitgliedschaft naturgem\u00e4\u00df eine freiwillige Sache, aber sie ist nichts Beliebiges. Sie ist nicht vergleichbar einer Vereinsmitgliedschaft oder Clubzugeh\u00f6rigkeit. Das Ziel einer Kirchengemeinde ist es, nicht nur ein &#8222;Verein&#8220;, sondern eine wirkliche Gemeinschaft zu sein, in der man einander tr\u00e4gt und ertr\u00e4gt und sich gegenseitig im Glauben st\u00e4rkt. Dazu geh\u00f6ren gemeinsamer Gesang, Gebet und Bekenntnis im Gottesdienst, in dem Verk\u00fcndigung und Abendmahlsfeier seit den Anf\u00e4ngen der Kirche die selbstverst\u00e4ndliche Mitte bilden. Dar\u00fcber hinaus sollen durch Kontaktpflege das wechselseitige Interesse und die Anteilnahme aneinander gef\u00f6rdert werden.<br \/>\nEin weiterer Gesichtspunkt: In einer Auslandsgemeinde k\u00f6nnen Angebote wie Vortr\u00e4ge, Gespr\u00e4chsabende oder Konzerte dazu dienen, innerhalb einer fremden Kultur in Verbindung mit der eigenen Kultur und dem eigenen Herkunftsland zu bleiben; sie k\u00f6nnen dadurch eine Hilfe sein, das Leben und die Erfahrungen in der Fremde besser zu bestehen. Der Erhalt und Gebrauch der Muttersprache in der Auslandsgemeinde tr\u00e4gt dem Bed\u00fcrfnis nach Heimat und nach Verwurzelung in der eigenen Herkunftskultur besonders Rechnung.<\/p>\n<h3>Viele Begabungen erg\u00e4nzen einander<\/h3>\n<p style=\"text-align: justify;\">Dabei gilt: eine Kirchengemeinde besteht immer aus Menschen mit ihren Eigenarten und Besonderheiten und so manchen Ecken und Kanten. Aber ihre Mitglieder kommen auch mit Begabungen und F\u00e4higkeiten, die sie einbringen k\u00f6nnen und sollen und die einander oft erg\u00e4nzen und befruchten. Darin sieht schon der Apostel Paulus die Chance zu Wachstum im Glauben und zu innerem Weiterkommen jedes Einzelnen der Glieder.<\/p>\n<h3>Die Unterst\u00fctzung der Gemeinde<\/h3>\n<p style=\"text-align: justify;\">Die Mitglieder einer Auslandsgemeinde tragen durch Einsatz eigener Mittel und ehrenamtlicher T\u00e4tigkeit zu deren Erhalt und Funktionieren bei. Wem die Existenz &#8222;seiner&#8220; Gemeinde am Herzen liegt, der sollte bereit sein, ihr beizutreten und sie &#8211; entsprechend eigener Selbsteinsch\u00e4tzung &#8211; finanziell zu unterst\u00fctzen.<br \/>\nEin pdf-Formular zur Einschreibung k\u00f6nnen Sie sich unten herunterladen und ausdrucken.<\/p>\n<p style=\"text-align: justify;\"><img loading=\"lazy\" decoding=\"async\" class=\"alignnone size-full wp-image-210\" src=\"https:\/\/chiesa.ispravarese.it\/wp-content\/uploads\/2016\/10\/pdficon_small.png\" alt=\"pdficon_small\" width=\"16\" height=\"16\" \/> <a href=\"https:\/\/chiesa.ispravarese.it\/wp-content\/uploads\/2019\/11\/mitgliedserklaerung_de_mit_privacy.pdf\">Mitgliedserkl\u00e4rung<\/a><\/p>\n<p><\/p>","protected":false},"excerpt":{"rendered":"<p>Ver\u00e4nderte Mitgliedschaftsverh\u00e4ltnisse im Ausland F\u00fcr viele Menschen, die ins Ausland gehen, erlischt durch den Wegzug automatisch auch ihre Kirchenmitgliedschaft. Andere bleiben in ihrem Heimatland gemeldet und dadurch auch weiter Mitglied der dortigen Kirche. Wer im Ausland eine Gemeinde seiner Sprache und Konfession aufsucht, geh\u00f6rt im Allgemeinen einer der beiden Gruppen an, und er oder sie [&hellip;]<\/p>\n","protected":false},"author":1,"featured_media":0,"parent":0,"menu_order":0,"comment_status":"closed","ping_status":"closed","template":"","meta":{"footnotes":""},"class_list":["post-24","page","type-page","status-publish","hentry"],"_links":{"self":[{"href":"https:\/\/chiesa.ispravarese.it\/de\/wp-json\/wp\/v2\/pages\/24","targetHints":{"allow":["GET"]}}],"collection":[{"href":"https:\/\/chiesa.ispravarese.it\/de\/wp-json\/wp\/v2\/pages"}],"about":[{"href":"https:\/\/chiesa.ispravarese.it\/de\/wp-json\/wp\/v2\/types\/page"}],"author":[{"embeddable":true,"href":"https:\/\/chiesa.ispravarese.it\/de\/wp-json\/wp\/v2\/users\/1"}],"replies":[{"embeddable":true,"href":"https:\/\/chiesa.ispravarese.it\/de\/wp-json\/wp\/v2\/comments?post=24"}],"version-history":[{"count":3,"href":"https:\/\/chiesa.ispravarese.it\/de\/wp-json\/wp\/v2\/pages\/24\/revisions"}],"predecessor-version":[{"id":1714,"href":"https:\/\/chiesa.ispravarese.it\/de\/wp-json\/wp\/v2\/pages\/24\/revisions\/1714"}],"wp:attachment":[{"href":"https:\/\/chiesa.ispravarese.it\/de\/wp-json\/wp\/v2\/media?parent=24"}],"curies":[{"name":"wp","href":"https:\/\/api.w.org\/{rel}","templated":true}]}}