{"id":20,"date":"2016-05-15T19:02:54","date_gmt":"2016-05-15T17:02:54","guid":{"rendered":"http:\/\/chiesa.ispravarese.it\/?page_id=20"},"modified":"2022-03-07T11:55:25","modified_gmt":"2022-03-07T10:55:25","slug":"wegbeschreibung","status":"publish","type":"page","link":"https:\/\/chiesa.ispravarese.it\/de\/wegbeschreibung\/","title":{"rendered":"So finden Sie uns"},"content":{"rendered":"<p><\/p>\n<div id=\"content\">\n<div class=\"verlauf_bottom\">\n<p style=\"text-align: justify;\">Sie finden unsere Kirche in der N\u00e4he von Gavirate (VA). Gavirate liegt westlich von Varese an der Provinzialstra\u00dfe Varese-Laveno. Von Gavirate-Zentrum nehmen Sie die Stra\u00dfe nach Laveno. Kurz hinter dem Ortsausgang gibt es einen Abzweig rechts nach Cocquio, Orino, Caldana. An dieser Stra\u00dfe liegt nach ca. 2 km auf der H\u00f6he noch vor dem Ortseingangsschild Caldana links an der Stra\u00dfe unsere Kirche.<\/p>\n<p style=\"text-align: justify;\">Aus Richtung Laveno kommend folgen Sie der Provinzialstra\u00dfe Laveno-Gavirate und biegen nach der Ampelkreuzung in Gemonio nach links ab, Richtung Azzio, Orino. Sie durchfahren Gemonio, kommen nach Azzio und nehmen dort den Abzweig nach rechts nach Orino, Caldana. In Orino geht es wiederum rechts den Berg hinauf in Richtung Caldana, Cocquio Trevisago. Am Ortsausgang von Caldana liegt dann rechts von der Stra\u00dfe, gegen\u00fcber vom Friedhof, unsere Kirche. Sie hat ein modernes spitzes Zeltdach und ist mit dem rechts stehenden Pfarrhaus durch einen \u00fcberdachten Gang verbunden.<\/p>\n<p class=\"center\" style=\"text-align: center;\">Via IV Novembre 12,<br \/>\n21034 Cocquio Trevisago(VA), loc. Caldana,<br \/>\nItalien<\/p>\n<p style=\"text-align: center;\">\n<!-- iframe plugin v.6.0 wordpress.org\/plugins\/iframe\/ -->\n<iframe loading=\"lazy\" src=\"https:\/\/www.google.com\/maps\/embed?pb=!1m14!1m8!1m3!1d88905.55877112999!2d8.6219263!3d45.865333!3m2!1i1024!2i768!4f13.1!3m3!1m2!1s0x0%3A0x4517b726e28a81e6!2sComunit%C3%A0+Evangelica+Ecumenica+di+Ispra-Varese!5e0!3m2!1sde!2sde!4v1476267611342\" width=\"100%\" height=\"450\" frameborder=\"0\" style=\"border:0\" 0=\"allowfullscreen\" scrolling=\"yes\" class=\"iframe-class\"><\/iframe>\n<\/p>\n<p class=\"center\" style=\"text-align: center;\"><a class=\"center\" href=\"https:\/\/www.google.de\/maps\/place\/Comunit%C3%A0+Evangelica+Ecumenica+di+Ispra-Varese\/@45.865333,8.6219263,12z\/data=!4m5!3m4!1s0x0:0x4517b726e28a81e6!8m2!3d45.8651142!4d8.6910425?hl=de-DE\" target=\"_blank\" rel=\"noopener\">zu Google Maps<\/a><\/p>\n<\/div>\n<\/div>\n<p><\/p>","protected":false},"excerpt":{"rendered":"<p>Sie finden unsere Kirche in der N\u00e4he von Gavirate (VA). Gavirate liegt westlich von Varese an der Provinzialstra\u00dfe Varese-Laveno. Von Gavirate-Zentrum nehmen Sie die Stra\u00dfe nach Laveno. Kurz hinter dem Ortsausgang gibt es einen Abzweig rechts nach Cocquio, Orino, Caldana. An dieser Stra\u00dfe liegt nach ca. 2 km auf der H\u00f6he noch vor dem Ortseingangsschild [&hellip;]<\/p>\n","protected":false},"author":1,"featured_media":0,"parent":0,"menu_order":0,"comment_status":"closed","ping_status":"closed","template":"","meta":{"footnotes":""},"class_list":["post-20","page","type-page","status-publish","hentry"],"_links":{"self":[{"href":"https:\/\/chiesa.ispravarese.it\/de\/wp-json\/wp\/v2\/pages\/20","targetHints":{"allow":["GET"]}}],"collection":[{"href":"https:\/\/chiesa.ispravarese.it\/de\/wp-json\/wp\/v2\/pages"}],"about":[{"href":"https:\/\/chiesa.ispravarese.it\/de\/wp-json\/wp\/v2\/types\/page"}],"author":[{"embeddable":true,"href":"https:\/\/chiesa.ispravarese.it\/de\/wp-json\/wp\/v2\/users\/1"}],"replies":[{"embeddable":true,"href":"https:\/\/chiesa.ispravarese.it\/de\/wp-json\/wp\/v2\/comments?post=20"}],"version-history":[{"count":4,"href":"https:\/\/chiesa.ispravarese.it\/de\/wp-json\/wp\/v2\/pages\/20\/revisions"}],"predecessor-version":[{"id":3229,"href":"https:\/\/chiesa.ispravarese.it\/de\/wp-json\/wp\/v2\/pages\/20\/revisions\/3229"}],"wp:attachment":[{"href":"https:\/\/chiesa.ispravarese.it\/de\/wp-json\/wp\/v2\/media?parent=20"}],"curies":[{"name":"wp","href":"https:\/\/api.w.org\/{rel}","templated":true}]}}