{"id":1717,"date":"2019-11-17T17:02:40","date_gmt":"2019-11-17T16:02:40","guid":{"rendered":"https:\/\/chiesa.ispravarese.it\/newsletter\/"},"modified":"2024-11-17T15:04:59","modified_gmt":"2024-11-17T14:04:59","slug":"newsletter","status":"publish","type":"page","link":"https:\/\/chiesa.ispravarese.it\/de\/newsletter\/","title":{"rendered":"Newsletter abonnieren"},"content":{"rendered":"<p>Hier k\u00f6nnen Sie sich f\u00fcr unseren digitalen Newsletter registrieren. Wenn Sie den Newsletter (weiterhin) auch per Post zugesendet bekommen m\u00f6chten, wenden Sie sich bitte \u00fcber das <a href=\"https:\/\/chiesa.ispravarese.it\/kontaktformular\/\">Kontaktformular<\/a> an uns. Bitte f\u00fcllen Sie alle Felder aus und klicken Sie danach auf \u201aANMELDEN\u2018.<\/p>\r\n<p><div class=\"tnp tnp-subscription\">\r\n  <form method=\"post\" action=\"https:\/\/chiesa.ispravarese.it\/?na=s\" onsubmit=\"return newsletter_check(this)\">\r\n    <input type=\"hidden\" name=\"nlang\" value=\"\">\r\n    <div class=\"tnp-field tnp-field-firstname\"><label>Ihr Vor- und Nachname<\/label><input class=\"tnp-firstname\" type=\"text\" name=\"nn\" required><\/div>\r\n    <div class=\"tnp-field tnp-field-email\"><label>Ihre Emailadresse<\/label><input class=\"tnp-email\" type=\"email\" name=\"ne\" required><\/div>\r\n    <div class=\"tnp-field tnp-field-profile\"><label>Bitte schicken Sie mir den Newsletter ...<\/label>\r\n      <select class=\"tnp-profile tnp-profile-1\" name=\"np1\" required>\r\n        <option><\/option>\r\n        <option>nur noch elektronisch und NICHT MEHR GEDRUCKT<\/option>\r\n        <option>ELEKTRONISCH UND GEDRUCKT<\/option>\r\n      <\/select>\r\n    <\/div>\r\n    <div class=\"tnp-field tnp-field-privacy\"><label><input type=\"checkbox\" name=\"ny\" required class=\"tnp-privacy\"> <a target=\"_blank\" href=\"https:\/\/chiesa.ispravarese.it\/privacy-policy\/\">Hiermit stimme ich zu, da\u00df meine hier angegebenen Daten von der Gemeinde f\u00fcr Gemeindezwecke benutzt und archiviert werden d\u00fcrfen. Ihre Daten werden nicht an Dritte weitergegeben!<\/a><\/label><\/div>\r\n    <div class=\"tnp-field tnp-field-button\"><input class=\"tnp-submit\" type=\"submit\" value=\"ANMELDEN\"><\/div>\r\n  <\/form>\r\n<\/div><input type=\"hidden\" name=\"nlang\" value=\"\">\n<\/p><\/p>\n<p>&nbsp;<p>Hier k\u00f6nnen Sie sich f\u00fcr unseren digitalen Newsletter registrieren. Wenn Sie den Newsletter (weiterhin) auch per Post zugesendet bekommen m\u00f6chten, wenden Sie sich bitte \u00fcber das <a href=\"https:\/\/chiesa.ispravarese.it\/kontaktformular\/\">Kontaktformular<\/a> an uns. Bitte f\u00fcllen Sie alle Felder aus und klicken Sie danach auf \u201aANMELDEN\u2018.<\/p>\r\n<p><div class=\"tnp tnp-subscription\">\r\n  <form method=\"post\" action=\"https:\/\/chiesa.ispravarese.it\/?na=s\" onsubmit=\"return newsletter_check(this)\">\r\n    <input type=\"hidden\" name=\"nlang\" value=\"\">\r\n    <div class=\"tnp-field tnp-field-firstname\"><label>Ihr Vor- und Nachname<\/label><input class=\"tnp-firstname\" type=\"text\" name=\"nn\" required><\/div>\r\n    <div class=\"tnp-field tnp-field-email\"><label>Ihre Emailadresse<\/label><input class=\"tnp-email\" type=\"email\" name=\"ne\" required><\/div>\r\n    <div class=\"tnp-field tnp-field-profile\"><label>Bitte schicken Sie mir den Newsletter ...<\/label>\r\n      <select class=\"tnp-profile tnp-profile-1\" name=\"np1\" required>\r\n        <option><\/option>\r\n        <option>nur noch elektronisch und NICHT MEHR GEDRUCKT<\/option>\r\n        <option>ELEKTRONISCH UND GEDRUCKT<\/option>\r\n      <\/select>\r\n    <\/div>\r\n    <div class=\"tnp-field tnp-field-privacy\"><label><input type=\"checkbox\" name=\"ny\" required class=\"tnp-privacy\"> <a target=\"_blank\" href=\"https:\/\/chiesa.ispravarese.it\/privacy-policy\/\">Hiermit stimme ich zu, da\u00df meine hier angegebenen Daten von der Gemeinde f\u00fcr Gemeindezwecke benutzt und archiviert werden d\u00fcrfen. Ihre Daten werden nicht an Dritte weitergegeben!<\/a><\/label><\/div>\r\n    <div class=\"tnp-field tnp-field-button\"><input class=\"tnp-submit\" type=\"submit\" value=\"ANMELDEN\"><\/div>\r\n  <\/form>\r\n<\/div><input type=\"hidden\" name=\"nlang\" value=\"\">\n<\/p><\/p>","protected":false},"excerpt":{"rendered":"<p>Leider ist der Eintrag nur auf Italiano verf\u00fcgbar.<\/p>\n","protected":false},"author":1,"featured_media":0,"parent":0,"menu_order":0,"comment_status":"closed","ping_status":"closed","template":"","meta":{"footnotes":""},"class_list":["post-1717","page","type-page","status-publish","hentry"],"_links":{"self":[{"href":"https:\/\/chiesa.ispravarese.it\/de\/wp-json\/wp\/v2\/pages\/1717","targetHints":{"allow":["GET"]}}],"collection":[{"href":"https:\/\/chiesa.ispravarese.it\/de\/wp-json\/wp\/v2\/pages"}],"about":[{"href":"https:\/\/chiesa.ispravarese.it\/de\/wp-json\/wp\/v2\/types\/page"}],"author":[{"embeddable":true,"href":"https:\/\/chiesa.ispravarese.it\/de\/wp-json\/wp\/v2\/users\/1"}],"replies":[{"embeddable":true,"href":"https:\/\/chiesa.ispravarese.it\/de\/wp-json\/wp\/v2\/comments?post=1717"}],"version-history":[{"count":3,"href":"https:\/\/chiesa.ispravarese.it\/de\/wp-json\/wp\/v2\/pages\/1717\/revisions"}],"predecessor-version":[{"id":4192,"href":"https:\/\/chiesa.ispravarese.it\/de\/wp-json\/wp\/v2\/pages\/1717\/revisions\/4192"}],"wp:attachment":[{"href":"https:\/\/chiesa.ispravarese.it\/de\/wp-json\/wp\/v2\/media?parent=1717"}],"curies":[{"name":"wp","href":"https:\/\/api.w.org\/{rel}","templated":true}]}}