{"id":14,"date":"2016-05-15T18:58:39","date_gmt":"2016-05-15T16:58:39","guid":{"rendered":"http:\/\/chiesa.ispravarese.it\/?page_id=14"},"modified":"2026-03-03T21:32:37","modified_gmt":"2026-03-03T20:32:37","slug":"willkommen","status":"publish","type":"page","link":"https:\/\/chiesa.ispravarese.it\/de\/","title":{"rendered":"Willkommen"},"content":{"rendered":"<p><\/p>\n<p style=\"text-align: justify;\"><img loading=\"lazy\" decoding=\"async\" class=\"size-medium wp-image-3562 alignright\" src=\"https:\/\/chiesa.ispravarese.it\/wp-content\/uploads\/2023\/03\/chiesa_und_rose-300x169.webp\" alt=\"Chiesa San Giovanni - CELI\" width=\"300\" height=\"169\" srcset=\"https:\/\/chiesa.ispravarese.it\/wp-content\/uploads\/2023\/03\/chiesa_und_rose-300x169.webp 300w, https:\/\/chiesa.ispravarese.it\/wp-content\/uploads\/2023\/03\/chiesa_und_rose.webp 688w\" sizes=\"auto, (max-width: 300px) 100vw, 300px\" \/>Herzlich willkommen auf den Seiten der Evangelisch-\u00d6kumenischen Gemeinde Ispra-Varese. Seit \u00fcber 50 Jahren befinden wir uns in der N\u00e4he des sch\u00f6nen Lago Maggiore in Oberitalien. Mit unseren \u00fcber 200 Mitgliedern z\u00e4hlen wir zu einer der gr\u00f6\u00dferen evangelisch-lutherischen Gemeinden in Italien, die unter dem Dachverband der <a href=\"https:\/\/www.chiesaluterana.it\/\" target=\"_blank\" rel=\"noopener noreferrer\">Evangelisch-Lutherische Kirche in Italien (ELKI)<\/a> zusammengeschlossen sind.<\/p>\n<h3><\/h3>\n<p>&nbsp;<\/p>\n<p style=\"text-align: justify;\">Auf den folgenden Seiten finden Sie Neuigkeiten aus der Gemeinde, aktuelle Termine sowie den <a href=\"https:\/\/chiesa.ispravarese.it\/newsletterarchiv\/\">Gemeindebrief<\/a>.<\/p>\n<p><\/p>","protected":false},"excerpt":{"rendered":"<p>Herzlich willkommen auf den Seiten der Evangelisch-\u00d6kumenischen Gemeinde Ispra-Varese. Seit \u00fcber 50 Jahren befinden wir uns in der N\u00e4he des sch\u00f6nen Lago Maggiore in Oberitalien. Mit unseren \u00fcber 200 Mitgliedern z\u00e4hlen wir zu einer der gr\u00f6\u00dferen evangelisch-lutherischen Gemeinden in Italien, die unter dem Dachverband der Evangelisch-Lutherische Kirche in Italien (ELKI) zusammengeschlossen sind. &nbsp; Auf den [&hellip;]<\/p>\n","protected":false},"author":1,"featured_media":0,"parent":0,"menu_order":0,"comment_status":"closed","ping_status":"closed","template":"","meta":{"footnotes":""},"class_list":["post-14","page","type-page","status-publish","hentry"],"_links":{"self":[{"href":"https:\/\/chiesa.ispravarese.it\/de\/wp-json\/wp\/v2\/pages\/14","targetHints":{"allow":["GET"]}}],"collection":[{"href":"https:\/\/chiesa.ispravarese.it\/de\/wp-json\/wp\/v2\/pages"}],"about":[{"href":"https:\/\/chiesa.ispravarese.it\/de\/wp-json\/wp\/v2\/types\/page"}],"author":[{"embeddable":true,"href":"https:\/\/chiesa.ispravarese.it\/de\/wp-json\/wp\/v2\/users\/1"}],"replies":[{"embeddable":true,"href":"https:\/\/chiesa.ispravarese.it\/de\/wp-json\/wp\/v2\/comments?post=14"}],"version-history":[{"count":5,"href":"https:\/\/chiesa.ispravarese.it\/de\/wp-json\/wp\/v2\/pages\/14\/revisions"}],"predecessor-version":[{"id":4652,"href":"https:\/\/chiesa.ispravarese.it\/de\/wp-json\/wp\/v2\/pages\/14\/revisions\/4652"}],"wp:attachment":[{"href":"https:\/\/chiesa.ispravarese.it\/de\/wp-json\/wp\/v2\/media?parent=14"}],"curies":[{"name":"wp","href":"https:\/\/api.w.org\/{rel}","templated":true}]}}